{"id":404,"date":"2026-04-24T11:08:47","date_gmt":"2026-04-24T09:08:47","guid":{"rendered":"https:\/\/parquesinfantiles.es\/tienda\/?post_type=product&#038;p=404"},"modified":"2026-04-24T11:09:54","modified_gmt":"2026-04-24T09:09:54","slug":"papelera-urbana-semicircular-dumupa-10-de-30-litros-en-acero-galvanizado","status":"publish","type":"product","link":"https:\/\/parquesinfantiles.es\/tienda\/producto\/papelera-urbana-semicircular-dumupa-10-de-30-litros-en-acero-galvanizado\/","title":{"rendered":"Papelera Urbana Semicircular DUMUPA-10 de 30 Litros en Acero Galvanizado"},"content":{"rendered":"<p data-start=\"2155\" data-end=\"2467\">La <strong data-start=\"2158\" data-end=\"2180\">papelera DUMUPA-10<\/strong> es una opci\u00f3n perfecta para mantener limpios y ordenados los espacios exteriores con poco espacio disponible. Su <strong data-start=\"2294\" data-end=\"2326\">dise\u00f1o semicircular abatible<\/strong> permite instalarla en <strong data-start=\"2349\" data-end=\"2394\">calles estrechas, paredes y zonas de paso<\/strong>, ofreciendo una soluci\u00f3n pr\u00e1ctica y funcional para el mobiliario urbano.<\/p>\n<p data-start=\"2469\" data-end=\"2766\">Fabricada en <strong data-start=\"2482\" data-end=\"2503\">acero galvanizado<\/strong> con <strong data-start=\"2508\" data-end=\"2539\">acabado en pintura al horno<\/strong>, garantiza una gran resistencia frente al uso diario y las condiciones clim\u00e1ticas adversas. Compacta, duradera y f\u00e1cil de mantener, es una excelente elecci\u00f3n para <strong data-start=\"2703\" data-end=\"2765\">ayuntamientos, comunidades, colegios y zonas residenciales<\/strong>.<\/p>\n","protected":false},"excerpt":{"rendered":"<p>La papelera DUMUPA-10 es una opci\u00f3n perfecta para mantener limpios y ordenados los espacios exteriores con poco espacio disponible. Su [&hellip;]<\/p>\n","protected":false},"featured_media":408,"template":"","meta":{"site-sidebar-layout":"default","site-content-layout":"","ast-site-content-layout":"default","site-content-style":"default","site-sidebar-style":"default","ast-global-header-display":"","ast-banner-title-visibility":"","ast-main-header-display":"","ast-hfb-above-header-display":"","ast-hfb-below-header-display":"","ast-hfb-mobile-header-display":"","site-post-title":"","ast-breadcrumbs-content":"","ast-featured-img":"","footer-sml-layout":"","theme-transparent-header-meta":"default","adv-header-id-meta":"","stick-header-meta":"","header-above-stick-meta":"","header-main-stick-meta":"","header-below-stick-meta":"","astra-migrate-meta-layouts":"set","ast-page-background-enabled":"default","ast-page-background-meta":{"desktop":{"background-color":"var(--ast-global-color-5)","background-image":"","background-repeat":"repeat","background-position":"center center","background-size":"auto","background-attachment":"scroll","background-type":"","background-media":"","overlay-type":"","overlay-color":"","overlay-opacity":"","overlay-gradient":""},"tablet":{"background-color":"","background-image":"","background-repeat":"repeat","background-position":"center center","background-size":"auto","background-attachment":"scroll","background-type":"","background-media":"","overlay-type":"","overlay-color":"","overlay-opacity":"","overlay-gradient":""},"mobile":{"background-color":"","background-image":"","background-repeat":"repeat","background-position":"center center","background-size":"auto","background-attachment":"scroll","background-type":"","background-media":"","overlay-type":"","overlay-color":"","overlay-opacity":"","overlay-gradient":""}},"ast-content-background-meta":{"desktop":{"background-color":"var(--ast-global-color-4)","background-image":"","background-repeat":"repeat","background-position":"center center","background-size":"auto","background-attachment":"scroll","background-type":"","background-media":"","overlay-type":"","overlay-color":"","overlay-opacity":"","overlay-gradient":""},"tablet":{"background-color":"var(--ast-global-color-4)","background-image":"","background-repeat":"repeat","background-position":"center center","background-size":"auto","background-attachment":"scroll","background-type":"","background-media":"","overlay-type":"","overlay-color":"","overlay-opacity":"","overlay-gradient":""},"mobile":{"background-color":"var(--ast-global-color-4)","background-image":"","background-repeat":"repeat","background-position":"center center","background-size":"auto","background-attachment":"scroll","background-type":"","background-media":"","overlay-type":"","overlay-color":"","overlay-opacity":"","overlay-gradient":""}}},"product_brand":[],"product_cat":[31],"product_tag":[],"class_list":{"0":"post-404","1":"product","2":"type-product","3":"status-publish","4":"has-post-thumbnail","6":"product_cat-mobiliario-urbano","7":"desktop-align-left","8":"tablet-align-left","9":"mobile-align-left","11":"first","12":"instock","13":"taxable","14":"shipping-taxable","15":"purchasable","16":"product-type-simple"},"yoast_head":"<!-- This site is optimized with the Yoast SEO plugin v25.8 - https:\/\/yoast.com\/wordpress\/plugins\/seo\/ -->\n<title>Papelera Urbana Semicircular DUMUPA-10 de 30 Litros en Acero Galvanizado - Parques Infantiles<\/title>\n<meta name=\"robots\" content=\"index, follow, max-snippet:-1, max-image-preview:large, max-video-preview:-1\" \/>\n<link rel=\"canonical\" href=\"https:\/\/parquesinfantiles.es\/tienda\/producto\/papelera-urbana-semicircular-dumupa-10-de-30-litros-en-acero-galvanizado\/\" \/>\n<meta property=\"og:locale\" content=\"es_ES\" \/>\n<meta property=\"og:type\" content=\"article\" \/>\n<meta property=\"og:title\" content=\"Papelera Urbana Semicircular DUMUPA-10 de 30 Litros en Acero Galvanizado - Parques Infantiles\" \/>\n<meta property=\"og:description\" content=\"La papelera DUMUPA-10 es una opci\u00f3n perfecta para mantener limpios y ordenados los espacios exteriores con poco espacio disponible. Su [&hellip;]\" \/>\n<meta property=\"og:url\" content=\"https:\/\/parquesinfantiles.es\/tienda\/producto\/papelera-urbana-semicircular-dumupa-10-de-30-litros-en-acero-galvanizado\/\" \/>\n<meta property=\"og:site_name\" content=\"Parques Infantiles\" \/>\n<meta property=\"article:modified_time\" content=\"2026-04-24T09:09:54+00:00\" \/>\n<meta property=\"og:image\" content=\"https:\/\/parquesinfantiles.es\/tienda\/wp-content\/uploads\/2026\/04\/Papelera-urbana-semicircular-DUMUPA-10.jpg\" \/>\n\t<meta property=\"og:image:width\" content=\"1000\" \/>\n\t<meta property=\"og:image:height\" content=\"700\" \/>\n\t<meta property=\"og:image:type\" content=\"image\/jpeg\" \/>\n<meta name=\"twitter:card\" content=\"summary_large_image\" \/>\n<meta name=\"twitter:label1\" content=\"Tiempo de lectura\" \/>\n\t<meta name=\"twitter:data1\" content=\"1 minuto\" \/>\n<script type=\"application\/ld+json\" class=\"yoast-schema-graph\">{\"@context\":\"https:\/\/schema.org\",\"@graph\":[{\"@type\":\"WebPage\",\"@id\":\"https:\/\/parquesinfantiles.es\/tienda\/producto\/papelera-urbana-semicircular-dumupa-10-de-30-litros-en-acero-galvanizado\/\",\"url\":\"https:\/\/parquesinfantiles.es\/tienda\/producto\/papelera-urbana-semicircular-dumupa-10-de-30-litros-en-acero-galvanizado\/\",\"name\":\"Papelera Urbana Semicircular DUMUPA-10 de 30 Litros en Acero Galvanizado - Parques Infantiles\",\"isPartOf\":{\"@id\":\"https:\/\/parquesinfantiles.es\/tienda\/#website\"},\"primaryImageOfPage\":{\"@id\":\"https:\/\/parquesinfantiles.es\/tienda\/producto\/papelera-urbana-semicircular-dumupa-10-de-30-litros-en-acero-galvanizado\/#primaryimage\"},\"image\":{\"@id\":\"https:\/\/parquesinfantiles.es\/tienda\/producto\/papelera-urbana-semicircular-dumupa-10-de-30-litros-en-acero-galvanizado\/#primaryimage\"},\"thumbnailUrl\":\"https:\/\/parquesinfantiles.es\/tienda\/wp-content\/uploads\/2026\/04\/Papelera-urbana-semicircular-DUMUPA-10.jpg\",\"datePublished\":\"2026-04-24T09:08:47+00:00\",\"dateModified\":\"2026-04-24T09:09:54+00:00\",\"breadcrumb\":{\"@id\":\"https:\/\/parquesinfantiles.es\/tienda\/producto\/papelera-urbana-semicircular-dumupa-10-de-30-litros-en-acero-galvanizado\/#breadcrumb\"},\"inLanguage\":\"es\",\"potentialAction\":[{\"@type\":\"ReadAction\",\"target\":[\"https:\/\/parquesinfantiles.es\/tienda\/producto\/papelera-urbana-semicircular-dumupa-10-de-30-litros-en-acero-galvanizado\/\"]}]},{\"@type\":\"ImageObject\",\"inLanguage\":\"es\",\"@id\":\"https:\/\/parquesinfantiles.es\/tienda\/producto\/papelera-urbana-semicircular-dumupa-10-de-30-litros-en-acero-galvanizado\/#primaryimage\",\"url\":\"https:\/\/parquesinfantiles.es\/tienda\/wp-content\/uploads\/2026\/04\/Papelera-urbana-semicircular-DUMUPA-10.jpg\",\"contentUrl\":\"https:\/\/parquesinfantiles.es\/tienda\/wp-content\/uploads\/2026\/04\/Papelera-urbana-semicircular-DUMUPA-10.jpg\",\"width\":1000,\"height\":700},{\"@type\":\"BreadcrumbList\",\"@id\":\"https:\/\/parquesinfantiles.es\/tienda\/producto\/papelera-urbana-semicircular-dumupa-10-de-30-litros-en-acero-galvanizado\/#breadcrumb\",\"itemListElement\":[{\"@type\":\"ListItem\",\"position\":1,\"name\":\"Portada\",\"item\":\"https:\/\/parquesinfantiles.es\/tienda\/\"},{\"@type\":\"ListItem\",\"position\":2,\"name\":\"Tienda\",\"item\":\"https:\/\/parquesinfantiles.es\/tienda\/\"},{\"@type\":\"ListItem\",\"position\":3,\"name\":\"Papelera Urbana Semicircular DUMUPA-10 de 30 Litros en Acero Galvanizado\"}]},{\"@type\":\"WebSite\",\"@id\":\"https:\/\/parquesinfantiles.es\/tienda\/#website\",\"url\":\"https:\/\/parquesinfantiles.es\/tienda\/\",\"name\":\"Parques Infantiles\",\"description\":\"\",\"publisher\":{\"@id\":\"https:\/\/parquesinfantiles.es\/tienda\/#organization\"},\"potentialAction\":[{\"@type\":\"SearchAction\",\"target\":{\"@type\":\"EntryPoint\",\"urlTemplate\":\"https:\/\/parquesinfantiles.es\/tienda\/?s={search_term_string}\"},\"query-input\":{\"@type\":\"PropertyValueSpecification\",\"valueRequired\":true,\"valueName\":\"search_term_string\"}}],\"inLanguage\":\"es\"},{\"@type\":\"Organization\",\"@id\":\"https:\/\/parquesinfantiles.es\/tienda\/#organization\",\"name\":\"Parques Infantiles\",\"url\":\"https:\/\/parquesinfantiles.es\/tienda\/\",\"logo\":{\"@type\":\"ImageObject\",\"inLanguage\":\"es\",\"@id\":\"https:\/\/parquesinfantiles.es\/tienda\/#\/schema\/logo\/image\/\",\"url\":\"https:\/\/parquesinfantiles.es\/tienda\/wp-content\/uploads\/2025\/07\/logo-aunor.png\",\"contentUrl\":\"https:\/\/parquesinfantiles.es\/tienda\/wp-content\/uploads\/2025\/07\/logo-aunor.png\",\"width\":120,\"height\":136,\"caption\":\"Parques Infantiles\"},\"image\":{\"@id\":\"https:\/\/parquesinfantiles.es\/tienda\/#\/schema\/logo\/image\/\"}}]}<\/script>\n<!-- \/ Yoast SEO plugin. -->","yoast_head_json":{"title":"Papelera Urbana Semicircular DUMUPA-10 de 30 Litros en Acero Galvanizado - Parques Infantiles","robots":{"index":"index","follow":"follow","max-snippet":"max-snippet:-1","max-image-preview":"max-image-preview:large","max-video-preview":"max-video-preview:-1"},"canonical":"https:\/\/parquesinfantiles.es\/tienda\/producto\/papelera-urbana-semicircular-dumupa-10-de-30-litros-en-acero-galvanizado\/","og_locale":"es_ES","og_type":"article","og_title":"Papelera Urbana Semicircular DUMUPA-10 de 30 Litros en Acero Galvanizado - Parques Infantiles","og_description":"La papelera DUMUPA-10 es una opci\u00f3n perfecta para mantener limpios y ordenados los espacios exteriores con poco espacio disponible. Su [&hellip;]","og_url":"https:\/\/parquesinfantiles.es\/tienda\/producto\/papelera-urbana-semicircular-dumupa-10-de-30-litros-en-acero-galvanizado\/","og_site_name":"Parques Infantiles","article_modified_time":"2026-04-24T09:09:54+00:00","og_image":[{"width":1000,"height":700,"url":"https:\/\/parquesinfantiles.es\/tienda\/wp-content\/uploads\/2026\/04\/Papelera-urbana-semicircular-DUMUPA-10.jpg","type":"image\/jpeg"}],"twitter_card":"summary_large_image","twitter_misc":{"Tiempo de lectura":"1 minuto"},"schema":{"@context":"https:\/\/schema.org","@graph":[{"@type":"WebPage","@id":"https:\/\/parquesinfantiles.es\/tienda\/producto\/papelera-urbana-semicircular-dumupa-10-de-30-litros-en-acero-galvanizado\/","url":"https:\/\/parquesinfantiles.es\/tienda\/producto\/papelera-urbana-semicircular-dumupa-10-de-30-litros-en-acero-galvanizado\/","name":"Papelera Urbana Semicircular DUMUPA-10 de 30 Litros en Acero Galvanizado - Parques Infantiles","isPartOf":{"@id":"https:\/\/parquesinfantiles.es\/tienda\/#website"},"primaryImageOfPage":{"@id":"https:\/\/parquesinfantiles.es\/tienda\/producto\/papelera-urbana-semicircular-dumupa-10-de-30-litros-en-acero-galvanizado\/#primaryimage"},"image":{"@id":"https:\/\/parquesinfantiles.es\/tienda\/producto\/papelera-urbana-semicircular-dumupa-10-de-30-litros-en-acero-galvanizado\/#primaryimage"},"thumbnailUrl":"https:\/\/parquesinfantiles.es\/tienda\/wp-content\/uploads\/2026\/04\/Papelera-urbana-semicircular-DUMUPA-10.jpg","datePublished":"2026-04-24T09:08:47+00:00","dateModified":"2026-04-24T09:09:54+00:00","breadcrumb":{"@id":"https:\/\/parquesinfantiles.es\/tienda\/producto\/papelera-urbana-semicircular-dumupa-10-de-30-litros-en-acero-galvanizado\/#breadcrumb"},"inLanguage":"es","potentialAction":[{"@type":"ReadAction","target":["https:\/\/parquesinfantiles.es\/tienda\/producto\/papelera-urbana-semicircular-dumupa-10-de-30-litros-en-acero-galvanizado\/"]}]},{"@type":"ImageObject","inLanguage":"es","@id":"https:\/\/parquesinfantiles.es\/tienda\/producto\/papelera-urbana-semicircular-dumupa-10-de-30-litros-en-acero-galvanizado\/#primaryimage","url":"https:\/\/parquesinfantiles.es\/tienda\/wp-content\/uploads\/2026\/04\/Papelera-urbana-semicircular-DUMUPA-10.jpg","contentUrl":"https:\/\/parquesinfantiles.es\/tienda\/wp-content\/uploads\/2026\/04\/Papelera-urbana-semicircular-DUMUPA-10.jpg","width":1000,"height":700},{"@type":"BreadcrumbList","@id":"https:\/\/parquesinfantiles.es\/tienda\/producto\/papelera-urbana-semicircular-dumupa-10-de-30-litros-en-acero-galvanizado\/#breadcrumb","itemListElement":[{"@type":"ListItem","position":1,"name":"Portada","item":"https:\/\/parquesinfantiles.es\/tienda\/"},{"@type":"ListItem","position":2,"name":"Tienda","item":"https:\/\/parquesinfantiles.es\/tienda\/"},{"@type":"ListItem","position":3,"name":"Papelera Urbana Semicircular DUMUPA-10 de 30 Litros en Acero Galvanizado"}]},{"@type":"WebSite","@id":"https:\/\/parquesinfantiles.es\/tienda\/#website","url":"https:\/\/parquesinfantiles.es\/tienda\/","name":"Parques Infantiles","description":"","publisher":{"@id":"https:\/\/parquesinfantiles.es\/tienda\/#organization"},"potentialAction":[{"@type":"SearchAction","target":{"@type":"EntryPoint","urlTemplate":"https:\/\/parquesinfantiles.es\/tienda\/?s={search_term_string}"},"query-input":{"@type":"PropertyValueSpecification","valueRequired":true,"valueName":"search_term_string"}}],"inLanguage":"es"},{"@type":"Organization","@id":"https:\/\/parquesinfantiles.es\/tienda\/#organization","name":"Parques Infantiles","url":"https:\/\/parquesinfantiles.es\/tienda\/","logo":{"@type":"ImageObject","inLanguage":"es","@id":"https:\/\/parquesinfantiles.es\/tienda\/#\/schema\/logo\/image\/","url":"https:\/\/parquesinfantiles.es\/tienda\/wp-content\/uploads\/2025\/07\/logo-aunor.png","contentUrl":"https:\/\/parquesinfantiles.es\/tienda\/wp-content\/uploads\/2025\/07\/logo-aunor.png","width":120,"height":136,"caption":"Parques Infantiles"},"image":{"@id":"https:\/\/parquesinfantiles.es\/tienda\/#\/schema\/logo\/image\/"}}]}},"_links":{"self":[{"href":"https:\/\/parquesinfantiles.es\/tienda\/wp-json\/wp\/v2\/product\/404","targetHints":{"allow":["GET"]}}],"collection":[{"href":"https:\/\/parquesinfantiles.es\/tienda\/wp-json\/wp\/v2\/product"}],"about":[{"href":"https:\/\/parquesinfantiles.es\/tienda\/wp-json\/wp\/v2\/types\/product"}],"wp:featuredmedia":[{"embeddable":true,"href":"https:\/\/parquesinfantiles.es\/tienda\/wp-json\/wp\/v2\/media\/408"}],"wp:attachment":[{"href":"https:\/\/parquesinfantiles.es\/tienda\/wp-json\/wp\/v2\/media?parent=404"}],"wp:term":[{"taxonomy":"product_brand","embeddable":true,"href":"https:\/\/parquesinfantiles.es\/tienda\/wp-json\/wp\/v2\/product_brand?post=404"},{"taxonomy":"product_cat","embeddable":true,"href":"https:\/\/parquesinfantiles.es\/tienda\/wp-json\/wp\/v2\/product_cat?post=404"},{"taxonomy":"product_tag","embeddable":true,"href":"https:\/\/parquesinfantiles.es\/tienda\/wp-json\/wp\/v2\/product_tag?post=404"}],"curies":[{"name":"wp","href":"https:\/\/api.w.org\/{rel}","templated":true}]}}