{"id":385,"date":"2026-04-22T13:37:19","date_gmt":"2026-04-22T11:37:19","guid":{"rendered":"https:\/\/parquesinfantiles.es\/tienda\/?post_type=product&#038;p=385"},"modified":"2026-04-24T09:15:47","modified_gmt":"2026-04-24T07:15:47","slug":"balancin-doble-muelle-toro","status":"publish","type":"product","link":"https:\/\/parquesinfantiles.es\/tienda\/producto\/balancin-doble-muelle-toro\/","title":{"rendered":"Balanc\u00edn doble muelle Toro"},"content":{"rendered":"<div class=\"\" data-turn-id-container=\"request-69e0ad13-8474-8396-8fb8-1236c68546fd-43\" data-is-intersecting=\"true\">\n<section class=\"text-token-text-primary w-full focus:outline-none [--shadow-height:45px] has-data-writing-block:pointer-events-none has-data-writing-block:-mt-(--shadow-height) has-data-writing-block:pt-(--shadow-height) [&amp;:has([data-writing-block])&gt;*]:pointer-events-auto R6Vx5W_threadScrollVars scroll-mb-[calc(var(--scroll-root-safe-area-inset-bottom,0px)+var(--thread-response-height))] scroll-mt-[calc(var(--header-height)+min(200px,max(70px,20svh)))]\" dir=\"auto\" data-turn-id=\"request-69e0ad13-8474-8396-8fb8-1236c68546fd-43\" data-testid=\"conversation-turn-131\" data-scroll-anchor=\"false\" data-turn=\"assistant\">\n<div class=\"text-base my-auto mx-auto pb-10 [--thread-content-margin:var(--thread-content-margin-xs,calc(var(--spacing)*4))] @w-sm\/main:[--thread-content-margin:var(--thread-content-margin-sm,calc(var(--spacing)*6))] @w-lg\/main:[--thread-content-margin:var(--thread-content-margin-lg,calc(var(--spacing)*16))] px-(--thread-content-margin)\">\n<div class=\"[--thread-content-max-width:40rem] @w-lg\/main:[--thread-content-max-width:48rem] mx-auto max-w-(--thread-content-max-width) flex-1 group\/turn-messages focus-visible:outline-hidden relative flex w-full min-w-0 flex-col agent-turn\">\n<div class=\"flex max-w-full flex-col gap-4 grow\">\n<div class=\"min-h-8 text-message relative flex w-full flex-col items-end gap-2 text-start break-words whitespace-normal outline-none keyboard-focused:focus-ring [.text-message+&amp;]:mt-1\" dir=\"auto\" tabindex=\"0\" data-message-author-role=\"assistant\" data-message-id=\"4260c1ed-3da8-46b6-a70f-e6ec698749b4\" data-message-model-slug=\"gpt-5-4-thinking\" data-turn-start-message=\"true\">\n<div class=\"flex w-full flex-col gap-1 empty:hidden\">\n<div class=\"markdown prose dark:prose-invert w-full wrap-break-word light markdown-new-styling\">\n<p data-start=\"0\" data-end=\"391\">Los <strong data-start=\"4\" data-end=\"40\">balancines de muelles infantiles<\/strong> son un elemento imprescindible en cualquier parque, ya que combinan <strong data-start=\"109\" data-end=\"146\">diversi\u00f3n, movimiento y seguridad<\/strong> en un solo juego. Fabricados con <strong data-start=\"180\" data-end=\"215\">estructura de acero galvanizado<\/strong>, ofrecen una excelente resistencia al uso diario y a la intemperie, garantizando una larga vida \u00fatil en <strong data-start=\"320\" data-end=\"390\">colegios, guarder\u00edas, parques municipales y comunidades de vecinos<\/strong>.<\/p>\n<p data-start=\"393\" data-end=\"905\" data-is-last-node=\"\" data-is-only-node=\"\">Las figuras, elaboradas en <strong data-start=\"420\" data-end=\"459\">polietileno de alta densidad (HDPE)<\/strong>, destacan por ser seguras, robustas y mantener sus colores vivos con el paso del tiempo. Su dise\u00f1o ergon\u00f3mico favorece un juego c\u00f3modo y estimulante, ayudando a desarrollar el <strong data-start=\"636\" data-end=\"691\">equilibrio, la coordinaci\u00f3n y la interacci\u00f3n social<\/strong>. Adem\u00e1s, todos los modelos cuentan con <strong data-start=\"731\" data-end=\"752\">certificaci\u00f3n T\u00dcV<\/strong> y cumplen con la normativa europea de seguridad, lo que los convierte en una opci\u00f3n fiable y de calidad para completar cualquier \u00e1rea de juego infantil.<\/p>\n<\/div>\n<\/div>\n<\/div>\n<\/div>\n<div class=\"z-0 flex min-h-[46px] justify-start\">\n<ul>\n<li>Edad recomendada de uso: De 3 a 9 a\u00f1os<\/li>\n<li>Altura de ca\u00edda: 1 m<\/li>\n<\/ul>\n<\/div>\n<div class=\"mt-3 w-full empty:hidden\">\n<div class=\"text-center\"><\/div>\n<\/div>\n<\/div>\n<\/div>\n<\/section>\n<\/div>\n<div class=\"pointer-events-none -mt-px h-px translate-y-[calc(var(--scroll-root-safe-area-inset-bottom)-14*var(--spacing))]\" aria-hidden=\"true\"><\/div>\n","protected":false},"excerpt":{"rendered":"<p>Los balancines de muelles infantiles son un elemento imprescindible en cualquier parque, ya que combinan diversi\u00f3n, movimiento y seguridad en [&hellip;]<\/p>\n","protected":false},"featured_media":386,"template":"","meta":{"site-sidebar-layout":"default","site-content-layout":"","ast-site-content-layout":"default","site-content-style":"default","site-sidebar-style":"default","ast-global-header-display":"","ast-banner-title-visibility":"","ast-main-header-display":"","ast-hfb-above-header-display":"","ast-hfb-below-header-display":"","ast-hfb-mobile-header-display":"","site-post-title":"","ast-breadcrumbs-content":"","ast-featured-img":"","footer-sml-layout":"","theme-transparent-header-meta":"default","adv-header-id-meta":"","stick-header-meta":"","header-above-stick-meta":"","header-main-stick-meta":"","header-below-stick-meta":"","astra-migrate-meta-layouts":"set","ast-page-background-enabled":"default","ast-page-background-meta":{"desktop":{"background-color":"var(--ast-global-color-5)","background-image":"","background-repeat":"repeat","background-position":"center center","background-size":"auto","background-attachment":"scroll","background-type":"","background-media":"","overlay-type":"","overlay-color":"","overlay-opacity":"","overlay-gradient":""},"tablet":{"background-color":"","background-image":"","background-repeat":"repeat","background-position":"center center","background-size":"auto","background-attachment":"scroll","background-type":"","background-media":"","overlay-type":"","overlay-color":"","overlay-opacity":"","overlay-gradient":""},"mobile":{"background-color":"","background-image":"","background-repeat":"repeat","background-position":"center center","background-size":"auto","background-attachment":"scroll","background-type":"","background-media":"","overlay-type":"","overlay-color":"","overlay-opacity":"","overlay-gradient":""}},"ast-content-background-meta":{"desktop":{"background-color":"var(--ast-global-color-4)","background-image":"","background-repeat":"repeat","background-position":"center center","background-size":"auto","background-attachment":"scroll","background-type":"","background-media":"","overlay-type":"","overlay-color":"","overlay-opacity":"","overlay-gradient":""},"tablet":{"background-color":"var(--ast-global-color-4)","background-image":"","background-repeat":"repeat","background-position":"center center","background-size":"auto","background-attachment":"scroll","background-type":"","background-media":"","overlay-type":"","overlay-color":"","overlay-opacity":"","overlay-gradient":""},"mobile":{"background-color":"var(--ast-global-color-4)","background-image":"","background-repeat":"repeat","background-position":"center center","background-size":"auto","background-attachment":"scroll","background-type":"","background-media":"","overlay-type":"","overlay-color":"","overlay-opacity":"","overlay-gradient":""}}},"product_brand":[],"product_cat":[30],"product_tag":[],"class_list":{"0":"post-385","1":"product","2":"type-product","3":"status-publish","4":"has-post-thumbnail","6":"product_cat-balancines","7":"desktop-align-left","8":"tablet-align-left","9":"mobile-align-left","11":"first","12":"instock","13":"taxable","14":"shipping-taxable","15":"purchasable","16":"product-type-simple"},"yoast_head":"<!-- This site is optimized with the Yoast SEO plugin v25.8 - https:\/\/yoast.com\/wordpress\/plugins\/seo\/ -->\n<title>Balanc\u00edn doble muelle Toro - Parques Infantiles<\/title>\n<meta name=\"robots\" content=\"index, follow, max-snippet:-1, max-image-preview:large, max-video-preview:-1\" \/>\n<link rel=\"canonical\" href=\"https:\/\/parquesinfantiles.es\/tienda\/producto\/balancin-doble-muelle-toro\/\" \/>\n<meta property=\"og:locale\" content=\"es_ES\" \/>\n<meta property=\"og:type\" content=\"article\" \/>\n<meta property=\"og:title\" content=\"Balanc\u00edn doble muelle Toro - Parques Infantiles\" \/>\n<meta property=\"og:description\" content=\"Los balancines de muelles infantiles son un elemento imprescindible en cualquier parque, ya que combinan diversi\u00f3n, movimiento y seguridad en [&hellip;]\" \/>\n<meta property=\"og:url\" content=\"https:\/\/parquesinfantiles.es\/tienda\/producto\/balancin-doble-muelle-toro\/\" \/>\n<meta property=\"og:site_name\" content=\"Parques Infantiles\" \/>\n<meta property=\"article:modified_time\" content=\"2026-04-24T07:15:47+00:00\" \/>\n<meta property=\"og:image\" content=\"https:\/\/parquesinfantiles.es\/tienda\/wp-content\/uploads\/2026\/04\/14A.webp\" \/>\n\t<meta property=\"og:image:width\" content=\"2000\" \/>\n\t<meta property=\"og:image:height\" content=\"1414\" \/>\n\t<meta property=\"og:image:type\" content=\"image\/webp\" \/>\n<meta name=\"twitter:card\" content=\"summary_large_image\" \/>\n<meta name=\"twitter:label1\" content=\"Tiempo de lectura\" \/>\n\t<meta name=\"twitter:data1\" content=\"1 minuto\" \/>\n<script type=\"application\/ld+json\" class=\"yoast-schema-graph\">{\"@context\":\"https:\/\/schema.org\",\"@graph\":[{\"@type\":\"WebPage\",\"@id\":\"https:\/\/parquesinfantiles.es\/tienda\/producto\/balancin-doble-muelle-toro\/\",\"url\":\"https:\/\/parquesinfantiles.es\/tienda\/producto\/balancin-doble-muelle-toro\/\",\"name\":\"Balanc\u00edn doble muelle Toro - Parques Infantiles\",\"isPartOf\":{\"@id\":\"https:\/\/parquesinfantiles.es\/tienda\/#website\"},\"primaryImageOfPage\":{\"@id\":\"https:\/\/parquesinfantiles.es\/tienda\/producto\/balancin-doble-muelle-toro\/#primaryimage\"},\"image\":{\"@id\":\"https:\/\/parquesinfantiles.es\/tienda\/producto\/balancin-doble-muelle-toro\/#primaryimage\"},\"thumbnailUrl\":\"https:\/\/parquesinfantiles.es\/tienda\/wp-content\/uploads\/2026\/04\/14A.webp\",\"datePublished\":\"2026-04-22T11:37:19+00:00\",\"dateModified\":\"2026-04-24T07:15:47+00:00\",\"breadcrumb\":{\"@id\":\"https:\/\/parquesinfantiles.es\/tienda\/producto\/balancin-doble-muelle-toro\/#breadcrumb\"},\"inLanguage\":\"es\",\"potentialAction\":[{\"@type\":\"ReadAction\",\"target\":[\"https:\/\/parquesinfantiles.es\/tienda\/producto\/balancin-doble-muelle-toro\/\"]}]},{\"@type\":\"ImageObject\",\"inLanguage\":\"es\",\"@id\":\"https:\/\/parquesinfantiles.es\/tienda\/producto\/balancin-doble-muelle-toro\/#primaryimage\",\"url\":\"https:\/\/parquesinfantiles.es\/tienda\/wp-content\/uploads\/2026\/04\/14A.webp\",\"contentUrl\":\"https:\/\/parquesinfantiles.es\/tienda\/wp-content\/uploads\/2026\/04\/14A.webp\",\"width\":2000,\"height\":1414},{\"@type\":\"BreadcrumbList\",\"@id\":\"https:\/\/parquesinfantiles.es\/tienda\/producto\/balancin-doble-muelle-toro\/#breadcrumb\",\"itemListElement\":[{\"@type\":\"ListItem\",\"position\":1,\"name\":\"Portada\",\"item\":\"https:\/\/parquesinfantiles.es\/tienda\/\"},{\"@type\":\"ListItem\",\"position\":2,\"name\":\"Tienda\",\"item\":\"https:\/\/parquesinfantiles.es\/tienda\/\"},{\"@type\":\"ListItem\",\"position\":3,\"name\":\"Balanc\u00edn doble muelle Toro\"}]},{\"@type\":\"WebSite\",\"@id\":\"https:\/\/parquesinfantiles.es\/tienda\/#website\",\"url\":\"https:\/\/parquesinfantiles.es\/tienda\/\",\"name\":\"Parques Infantiles\",\"description\":\"\",\"publisher\":{\"@id\":\"https:\/\/parquesinfantiles.es\/tienda\/#organization\"},\"potentialAction\":[{\"@type\":\"SearchAction\",\"target\":{\"@type\":\"EntryPoint\",\"urlTemplate\":\"https:\/\/parquesinfantiles.es\/tienda\/?s={search_term_string}\"},\"query-input\":{\"@type\":\"PropertyValueSpecification\",\"valueRequired\":true,\"valueName\":\"search_term_string\"}}],\"inLanguage\":\"es\"},{\"@type\":\"Organization\",\"@id\":\"https:\/\/parquesinfantiles.es\/tienda\/#organization\",\"name\":\"Parques Infantiles\",\"url\":\"https:\/\/parquesinfantiles.es\/tienda\/\",\"logo\":{\"@type\":\"ImageObject\",\"inLanguage\":\"es\",\"@id\":\"https:\/\/parquesinfantiles.es\/tienda\/#\/schema\/logo\/image\/\",\"url\":\"https:\/\/parquesinfantiles.es\/tienda\/wp-content\/uploads\/2025\/07\/logo-aunor.png\",\"contentUrl\":\"https:\/\/parquesinfantiles.es\/tienda\/wp-content\/uploads\/2025\/07\/logo-aunor.png\",\"width\":120,\"height\":136,\"caption\":\"Parques Infantiles\"},\"image\":{\"@id\":\"https:\/\/parquesinfantiles.es\/tienda\/#\/schema\/logo\/image\/\"}}]}<\/script>\n<!-- \/ Yoast SEO plugin. -->","yoast_head_json":{"title":"Balanc\u00edn doble muelle Toro - Parques Infantiles","robots":{"index":"index","follow":"follow","max-snippet":"max-snippet:-1","max-image-preview":"max-image-preview:large","max-video-preview":"max-video-preview:-1"},"canonical":"https:\/\/parquesinfantiles.es\/tienda\/producto\/balancin-doble-muelle-toro\/","og_locale":"es_ES","og_type":"article","og_title":"Balanc\u00edn doble muelle Toro - Parques Infantiles","og_description":"Los balancines de muelles infantiles son un elemento imprescindible en cualquier parque, ya que combinan diversi\u00f3n, movimiento y seguridad en [&hellip;]","og_url":"https:\/\/parquesinfantiles.es\/tienda\/producto\/balancin-doble-muelle-toro\/","og_site_name":"Parques Infantiles","article_modified_time":"2026-04-24T07:15:47+00:00","og_image":[{"width":2000,"height":1414,"url":"https:\/\/parquesinfantiles.es\/tienda\/wp-content\/uploads\/2026\/04\/14A.webp","type":"image\/webp"}],"twitter_card":"summary_large_image","twitter_misc":{"Tiempo de lectura":"1 minuto"},"schema":{"@context":"https:\/\/schema.org","@graph":[{"@type":"WebPage","@id":"https:\/\/parquesinfantiles.es\/tienda\/producto\/balancin-doble-muelle-toro\/","url":"https:\/\/parquesinfantiles.es\/tienda\/producto\/balancin-doble-muelle-toro\/","name":"Balanc\u00edn doble muelle Toro - Parques Infantiles","isPartOf":{"@id":"https:\/\/parquesinfantiles.es\/tienda\/#website"},"primaryImageOfPage":{"@id":"https:\/\/parquesinfantiles.es\/tienda\/producto\/balancin-doble-muelle-toro\/#primaryimage"},"image":{"@id":"https:\/\/parquesinfantiles.es\/tienda\/producto\/balancin-doble-muelle-toro\/#primaryimage"},"thumbnailUrl":"https:\/\/parquesinfantiles.es\/tienda\/wp-content\/uploads\/2026\/04\/14A.webp","datePublished":"2026-04-22T11:37:19+00:00","dateModified":"2026-04-24T07:15:47+00:00","breadcrumb":{"@id":"https:\/\/parquesinfantiles.es\/tienda\/producto\/balancin-doble-muelle-toro\/#breadcrumb"},"inLanguage":"es","potentialAction":[{"@type":"ReadAction","target":["https:\/\/parquesinfantiles.es\/tienda\/producto\/balancin-doble-muelle-toro\/"]}]},{"@type":"ImageObject","inLanguage":"es","@id":"https:\/\/parquesinfantiles.es\/tienda\/producto\/balancin-doble-muelle-toro\/#primaryimage","url":"https:\/\/parquesinfantiles.es\/tienda\/wp-content\/uploads\/2026\/04\/14A.webp","contentUrl":"https:\/\/parquesinfantiles.es\/tienda\/wp-content\/uploads\/2026\/04\/14A.webp","width":2000,"height":1414},{"@type":"BreadcrumbList","@id":"https:\/\/parquesinfantiles.es\/tienda\/producto\/balancin-doble-muelle-toro\/#breadcrumb","itemListElement":[{"@type":"ListItem","position":1,"name":"Portada","item":"https:\/\/parquesinfantiles.es\/tienda\/"},{"@type":"ListItem","position":2,"name":"Tienda","item":"https:\/\/parquesinfantiles.es\/tienda\/"},{"@type":"ListItem","position":3,"name":"Balanc\u00edn doble muelle Toro"}]},{"@type":"WebSite","@id":"https:\/\/parquesinfantiles.es\/tienda\/#website","url":"https:\/\/parquesinfantiles.es\/tienda\/","name":"Parques Infantiles","description":"","publisher":{"@id":"https:\/\/parquesinfantiles.es\/tienda\/#organization"},"potentialAction":[{"@type":"SearchAction","target":{"@type":"EntryPoint","urlTemplate":"https:\/\/parquesinfantiles.es\/tienda\/?s={search_term_string}"},"query-input":{"@type":"PropertyValueSpecification","valueRequired":true,"valueName":"search_term_string"}}],"inLanguage":"es"},{"@type":"Organization","@id":"https:\/\/parquesinfantiles.es\/tienda\/#organization","name":"Parques Infantiles","url":"https:\/\/parquesinfantiles.es\/tienda\/","logo":{"@type":"ImageObject","inLanguage":"es","@id":"https:\/\/parquesinfantiles.es\/tienda\/#\/schema\/logo\/image\/","url":"https:\/\/parquesinfantiles.es\/tienda\/wp-content\/uploads\/2025\/07\/logo-aunor.png","contentUrl":"https:\/\/parquesinfantiles.es\/tienda\/wp-content\/uploads\/2025\/07\/logo-aunor.png","width":120,"height":136,"caption":"Parques Infantiles"},"image":{"@id":"https:\/\/parquesinfantiles.es\/tienda\/#\/schema\/logo\/image\/"}}]}},"_links":{"self":[{"href":"https:\/\/parquesinfantiles.es\/tienda\/wp-json\/wp\/v2\/product\/385","targetHints":{"allow":["GET"]}}],"collection":[{"href":"https:\/\/parquesinfantiles.es\/tienda\/wp-json\/wp\/v2\/product"}],"about":[{"href":"https:\/\/parquesinfantiles.es\/tienda\/wp-json\/wp\/v2\/types\/product"}],"wp:featuredmedia":[{"embeddable":true,"href":"https:\/\/parquesinfantiles.es\/tienda\/wp-json\/wp\/v2\/media\/386"}],"wp:attachment":[{"href":"https:\/\/parquesinfantiles.es\/tienda\/wp-json\/wp\/v2\/media?parent=385"}],"wp:term":[{"taxonomy":"product_brand","embeddable":true,"href":"https:\/\/parquesinfantiles.es\/tienda\/wp-json\/wp\/v2\/product_brand?post=385"},{"taxonomy":"product_cat","embeddable":true,"href":"https:\/\/parquesinfantiles.es\/tienda\/wp-json\/wp\/v2\/product_cat?post=385"},{"taxonomy":"product_tag","embeddable":true,"href":"https:\/\/parquesinfantiles.es\/tienda\/wp-json\/wp\/v2\/product_tag?post=385"}],"curies":[{"name":"wp","href":"https:\/\/api.w.org\/{rel}","templated":true}]}}