{"id":318,"date":"2026-04-22T12:01:18","date_gmt":"2026-04-22T10:01:18","guid":{"rendered":"https:\/\/parquesinfantiles.es\/tienda\/?post_type=product&#038;p=318"},"modified":"2026-04-22T12:01:18","modified_gmt":"2026-04-22T10:01:18","slug":"torre-triple-tobogan-tdu-002-vitas","status":"publish","type":"product","link":"https:\/\/parquesinfantiles.es\/tienda\/producto\/torre-triple-tobogan-tdu-002-vitas\/","title":{"rendered":"Torre Triple Tobog\u00e1n TDU-002 VITAS"},"content":{"rendered":"<p data-start=\"44\" data-end=\"445\">La <strong data-start=\"47\" data-end=\"85\">Torre Triple Tobog\u00e1n TDU-002 VITAS<\/strong> es una soluci\u00f3n perfecta para crear <strong data-start=\"122\" data-end=\"178\">parques infantiles seguros, resistentes y atractivos<\/strong> en colegios, parques p\u00fablicos, urbanizaciones y \u00e1reas recreativas. Dise\u00f1ada para ni\u00f1os de <strong data-start=\"269\" data-end=\"283\">3 a 9 a\u00f1os<\/strong>, cuenta con <strong data-start=\"296\" data-end=\"317\">certificaci\u00f3n T\u00dcV<\/strong> y cumple con la normativa europea vigente, garantizando un espacio de juego fiable, duradero y preparado para un uso intensivo.<\/p>\n<p data-start=\"447\" data-end=\"981\" data-is-last-node=\"\" data-is-only-node=\"\">Fabricada con <strong data-start=\"461\" data-end=\"517\">postes, plataformas y escaleras en acero galvanizado<\/strong>, ofrece una estructura s\u00f3lida y estable frente a la intemperie. Sus <strong data-start=\"586\" data-end=\"658\">paneles decorativos, tejados y toboganes en polietileno rotomoldeado<\/strong> aportan seguridad, resistencia y un acabado colorido y atractivo. Gracias a su dise\u00f1o moderno e integrable con otros elementos de juego, esta torre infantil favorece la <strong data-start=\"828\" data-end=\"883\">actividad f\u00edsica, la imaginaci\u00f3n y la socializaci\u00f3n<\/strong>, convirti\u00e9ndose en una excelente opci\u00f3n para crear \u00e1reas recreativas completas y de alta calidad.<\/p>\n","protected":false},"excerpt":{"rendered":"<p>La Torre Triple Tobog\u00e1n TDU-002 VITAS es una soluci\u00f3n perfecta para crear parques infantiles seguros, resistentes y atractivos en colegios, [&hellip;]<\/p>\n","protected":false},"featured_media":319,"template":"","meta":{"site-sidebar-layout":"default","site-content-layout":"","ast-site-content-layout":"default","site-content-style":"default","site-sidebar-style":"default","ast-global-header-display":"","ast-banner-title-visibility":"","ast-main-header-display":"","ast-hfb-above-header-display":"","ast-hfb-below-header-display":"","ast-hfb-mobile-header-display":"","site-post-title":"","ast-breadcrumbs-content":"","ast-featured-img":"","footer-sml-layout":"","theme-transparent-header-meta":"default","adv-header-id-meta":"","stick-header-meta":"","header-above-stick-meta":"","header-main-stick-meta":"","header-below-stick-meta":"","astra-migrate-meta-layouts":"set","ast-page-background-enabled":"default","ast-page-background-meta":{"desktop":{"background-color":"var(--ast-global-color-5)","background-image":"","background-repeat":"repeat","background-position":"center center","background-size":"auto","background-attachment":"scroll","background-type":"","background-media":"","overlay-type":"","overlay-color":"","overlay-opacity":"","overlay-gradient":""},"tablet":{"background-color":"","background-image":"","background-repeat":"repeat","background-position":"center center","background-size":"auto","background-attachment":"scroll","background-type":"","background-media":"","overlay-type":"","overlay-color":"","overlay-opacity":"","overlay-gradient":""},"mobile":{"background-color":"","background-image":"","background-repeat":"repeat","background-position":"center center","background-size":"auto","background-attachment":"scroll","background-type":"","background-media":"","overlay-type":"","overlay-color":"","overlay-opacity":"","overlay-gradient":""}},"ast-content-background-meta":{"desktop":{"background-color":"var(--ast-global-color-4)","background-image":"","background-repeat":"repeat","background-position":"center center","background-size":"auto","background-attachment":"scroll","background-type":"","background-media":"","overlay-type":"","overlay-color":"","overlay-opacity":"","overlay-gradient":""},"tablet":{"background-color":"var(--ast-global-color-4)","background-image":"","background-repeat":"repeat","background-position":"center center","background-size":"auto","background-attachment":"scroll","background-type":"","background-media":"","overlay-type":"","overlay-color":"","overlay-opacity":"","overlay-gradient":""},"mobile":{"background-color":"var(--ast-global-color-4)","background-image":"","background-repeat":"repeat","background-position":"center center","background-size":"auto","background-attachment":"scroll","background-type":"","background-media":"","overlay-type":"","overlay-color":"","overlay-opacity":"","overlay-gradient":""}}},"product_brand":[],"product_cat":[33],"product_tag":[],"class_list":{"0":"post-318","1":"product","2":"type-product","3":"status-publish","4":"has-post-thumbnail","6":"product_cat-conjuntos-y-torres-conjuntos-y-torres","7":"desktop-align-left","8":"tablet-align-left","9":"mobile-align-left","11":"first","12":"instock","13":"taxable","14":"shipping-taxable","15":"purchasable","16":"product-type-simple"},"yoast_head":"<!-- This site is optimized with the Yoast SEO plugin v25.8 - https:\/\/yoast.com\/wordpress\/plugins\/seo\/ -->\n<title>Torre Triple Tobog\u00e1n TDU-002 VITAS - Parques Infantiles<\/title>\n<meta name=\"robots\" content=\"index, follow, max-snippet:-1, max-image-preview:large, max-video-preview:-1\" \/>\n<link rel=\"canonical\" href=\"https:\/\/parquesinfantiles.es\/tienda\/producto\/torre-triple-tobogan-tdu-002-vitas\/\" \/>\n<meta property=\"og:locale\" content=\"es_ES\" \/>\n<meta property=\"og:type\" content=\"article\" \/>\n<meta property=\"og:title\" content=\"Torre Triple Tobog\u00e1n TDU-002 VITAS - Parques Infantiles\" \/>\n<meta property=\"og:description\" content=\"La Torre Triple Tobog\u00e1n TDU-002 VITAS es una soluci\u00f3n perfecta para crear parques infantiles seguros, resistentes y atractivos en colegios, [&hellip;]\" \/>\n<meta property=\"og:url\" content=\"https:\/\/parquesinfantiles.es\/tienda\/producto\/torre-triple-tobogan-tdu-002-vitas\/\" \/>\n<meta property=\"og:site_name\" content=\"Parques Infantiles\" \/>\n<meta property=\"og:image\" content=\"https:\/\/parquesinfantiles.es\/tienda\/wp-content\/uploads\/2026\/04\/t1.webp\" \/>\n\t<meta property=\"og:image:width\" content=\"2000\" \/>\n\t<meta property=\"og:image:height\" content=\"1414\" \/>\n\t<meta property=\"og:image:type\" content=\"image\/webp\" \/>\n<meta name=\"twitter:card\" content=\"summary_large_image\" \/>\n<meta name=\"twitter:label1\" content=\"Tiempo de lectura\" \/>\n\t<meta name=\"twitter:data1\" content=\"1 minuto\" \/>\n<script type=\"application\/ld+json\" class=\"yoast-schema-graph\">{\"@context\":\"https:\/\/schema.org\",\"@graph\":[{\"@type\":\"WebPage\",\"@id\":\"https:\/\/parquesinfantiles.es\/tienda\/producto\/torre-triple-tobogan-tdu-002-vitas\/\",\"url\":\"https:\/\/parquesinfantiles.es\/tienda\/producto\/torre-triple-tobogan-tdu-002-vitas\/\",\"name\":\"Torre Triple Tobog\u00e1n TDU-002 VITAS - Parques Infantiles\",\"isPartOf\":{\"@id\":\"https:\/\/parquesinfantiles.es\/tienda\/#website\"},\"primaryImageOfPage\":{\"@id\":\"https:\/\/parquesinfantiles.es\/tienda\/producto\/torre-triple-tobogan-tdu-002-vitas\/#primaryimage\"},\"image\":{\"@id\":\"https:\/\/parquesinfantiles.es\/tienda\/producto\/torre-triple-tobogan-tdu-002-vitas\/#primaryimage\"},\"thumbnailUrl\":\"https:\/\/parquesinfantiles.es\/tienda\/wp-content\/uploads\/2026\/04\/t1.webp\",\"datePublished\":\"2026-04-22T10:01:18+00:00\",\"breadcrumb\":{\"@id\":\"https:\/\/parquesinfantiles.es\/tienda\/producto\/torre-triple-tobogan-tdu-002-vitas\/#breadcrumb\"},\"inLanguage\":\"es\",\"potentialAction\":[{\"@type\":\"ReadAction\",\"target\":[\"https:\/\/parquesinfantiles.es\/tienda\/producto\/torre-triple-tobogan-tdu-002-vitas\/\"]}]},{\"@type\":\"ImageObject\",\"inLanguage\":\"es\",\"@id\":\"https:\/\/parquesinfantiles.es\/tienda\/producto\/torre-triple-tobogan-tdu-002-vitas\/#primaryimage\",\"url\":\"https:\/\/parquesinfantiles.es\/tienda\/wp-content\/uploads\/2026\/04\/t1.webp\",\"contentUrl\":\"https:\/\/parquesinfantiles.es\/tienda\/wp-content\/uploads\/2026\/04\/t1.webp\",\"width\":2000,\"height\":1414},{\"@type\":\"BreadcrumbList\",\"@id\":\"https:\/\/parquesinfantiles.es\/tienda\/producto\/torre-triple-tobogan-tdu-002-vitas\/#breadcrumb\",\"itemListElement\":[{\"@type\":\"ListItem\",\"position\":1,\"name\":\"Portada\",\"item\":\"https:\/\/parquesinfantiles.es\/tienda\/\"},{\"@type\":\"ListItem\",\"position\":2,\"name\":\"Tienda\",\"item\":\"https:\/\/parquesinfantiles.es\/tienda\/\"},{\"@type\":\"ListItem\",\"position\":3,\"name\":\"Torre Triple Tobog\u00e1n TDU-002 VITAS\"}]},{\"@type\":\"WebSite\",\"@id\":\"https:\/\/parquesinfantiles.es\/tienda\/#website\",\"url\":\"https:\/\/parquesinfantiles.es\/tienda\/\",\"name\":\"Parques Infantiles\",\"description\":\"\",\"publisher\":{\"@id\":\"https:\/\/parquesinfantiles.es\/tienda\/#organization\"},\"potentialAction\":[{\"@type\":\"SearchAction\",\"target\":{\"@type\":\"EntryPoint\",\"urlTemplate\":\"https:\/\/parquesinfantiles.es\/tienda\/?s={search_term_string}\"},\"query-input\":{\"@type\":\"PropertyValueSpecification\",\"valueRequired\":true,\"valueName\":\"search_term_string\"}}],\"inLanguage\":\"es\"},{\"@type\":\"Organization\",\"@id\":\"https:\/\/parquesinfantiles.es\/tienda\/#organization\",\"name\":\"Parques Infantiles\",\"url\":\"https:\/\/parquesinfantiles.es\/tienda\/\",\"logo\":{\"@type\":\"ImageObject\",\"inLanguage\":\"es\",\"@id\":\"https:\/\/parquesinfantiles.es\/tienda\/#\/schema\/logo\/image\/\",\"url\":\"https:\/\/parquesinfantiles.es\/tienda\/wp-content\/uploads\/2025\/07\/logo-aunor.png\",\"contentUrl\":\"https:\/\/parquesinfantiles.es\/tienda\/wp-content\/uploads\/2025\/07\/logo-aunor.png\",\"width\":120,\"height\":136,\"caption\":\"Parques Infantiles\"},\"image\":{\"@id\":\"https:\/\/parquesinfantiles.es\/tienda\/#\/schema\/logo\/image\/\"}}]}<\/script>\n<!-- \/ Yoast SEO plugin. -->","yoast_head_json":{"title":"Torre Triple Tobog\u00e1n TDU-002 VITAS - Parques Infantiles","robots":{"index":"index","follow":"follow","max-snippet":"max-snippet:-1","max-image-preview":"max-image-preview:large","max-video-preview":"max-video-preview:-1"},"canonical":"https:\/\/parquesinfantiles.es\/tienda\/producto\/torre-triple-tobogan-tdu-002-vitas\/","og_locale":"es_ES","og_type":"article","og_title":"Torre Triple Tobog\u00e1n TDU-002 VITAS - Parques Infantiles","og_description":"La Torre Triple Tobog\u00e1n TDU-002 VITAS es una soluci\u00f3n perfecta para crear parques infantiles seguros, resistentes y atractivos en colegios, [&hellip;]","og_url":"https:\/\/parquesinfantiles.es\/tienda\/producto\/torre-triple-tobogan-tdu-002-vitas\/","og_site_name":"Parques Infantiles","og_image":[{"width":2000,"height":1414,"url":"https:\/\/parquesinfantiles.es\/tienda\/wp-content\/uploads\/2026\/04\/t1.webp","type":"image\/webp"}],"twitter_card":"summary_large_image","twitter_misc":{"Tiempo de lectura":"1 minuto"},"schema":{"@context":"https:\/\/schema.org","@graph":[{"@type":"WebPage","@id":"https:\/\/parquesinfantiles.es\/tienda\/producto\/torre-triple-tobogan-tdu-002-vitas\/","url":"https:\/\/parquesinfantiles.es\/tienda\/producto\/torre-triple-tobogan-tdu-002-vitas\/","name":"Torre Triple Tobog\u00e1n TDU-002 VITAS - Parques Infantiles","isPartOf":{"@id":"https:\/\/parquesinfantiles.es\/tienda\/#website"},"primaryImageOfPage":{"@id":"https:\/\/parquesinfantiles.es\/tienda\/producto\/torre-triple-tobogan-tdu-002-vitas\/#primaryimage"},"image":{"@id":"https:\/\/parquesinfantiles.es\/tienda\/producto\/torre-triple-tobogan-tdu-002-vitas\/#primaryimage"},"thumbnailUrl":"https:\/\/parquesinfantiles.es\/tienda\/wp-content\/uploads\/2026\/04\/t1.webp","datePublished":"2026-04-22T10:01:18+00:00","breadcrumb":{"@id":"https:\/\/parquesinfantiles.es\/tienda\/producto\/torre-triple-tobogan-tdu-002-vitas\/#breadcrumb"},"inLanguage":"es","potentialAction":[{"@type":"ReadAction","target":["https:\/\/parquesinfantiles.es\/tienda\/producto\/torre-triple-tobogan-tdu-002-vitas\/"]}]},{"@type":"ImageObject","inLanguage":"es","@id":"https:\/\/parquesinfantiles.es\/tienda\/producto\/torre-triple-tobogan-tdu-002-vitas\/#primaryimage","url":"https:\/\/parquesinfantiles.es\/tienda\/wp-content\/uploads\/2026\/04\/t1.webp","contentUrl":"https:\/\/parquesinfantiles.es\/tienda\/wp-content\/uploads\/2026\/04\/t1.webp","width":2000,"height":1414},{"@type":"BreadcrumbList","@id":"https:\/\/parquesinfantiles.es\/tienda\/producto\/torre-triple-tobogan-tdu-002-vitas\/#breadcrumb","itemListElement":[{"@type":"ListItem","position":1,"name":"Portada","item":"https:\/\/parquesinfantiles.es\/tienda\/"},{"@type":"ListItem","position":2,"name":"Tienda","item":"https:\/\/parquesinfantiles.es\/tienda\/"},{"@type":"ListItem","position":3,"name":"Torre Triple Tobog\u00e1n TDU-002 VITAS"}]},{"@type":"WebSite","@id":"https:\/\/parquesinfantiles.es\/tienda\/#website","url":"https:\/\/parquesinfantiles.es\/tienda\/","name":"Parques Infantiles","description":"","publisher":{"@id":"https:\/\/parquesinfantiles.es\/tienda\/#organization"},"potentialAction":[{"@type":"SearchAction","target":{"@type":"EntryPoint","urlTemplate":"https:\/\/parquesinfantiles.es\/tienda\/?s={search_term_string}"},"query-input":{"@type":"PropertyValueSpecification","valueRequired":true,"valueName":"search_term_string"}}],"inLanguage":"es"},{"@type":"Organization","@id":"https:\/\/parquesinfantiles.es\/tienda\/#organization","name":"Parques Infantiles","url":"https:\/\/parquesinfantiles.es\/tienda\/","logo":{"@type":"ImageObject","inLanguage":"es","@id":"https:\/\/parquesinfantiles.es\/tienda\/#\/schema\/logo\/image\/","url":"https:\/\/parquesinfantiles.es\/tienda\/wp-content\/uploads\/2025\/07\/logo-aunor.png","contentUrl":"https:\/\/parquesinfantiles.es\/tienda\/wp-content\/uploads\/2025\/07\/logo-aunor.png","width":120,"height":136,"caption":"Parques Infantiles"},"image":{"@id":"https:\/\/parquesinfantiles.es\/tienda\/#\/schema\/logo\/image\/"}}]}},"_links":{"self":[{"href":"https:\/\/parquesinfantiles.es\/tienda\/wp-json\/wp\/v2\/product\/318","targetHints":{"allow":["GET"]}}],"collection":[{"href":"https:\/\/parquesinfantiles.es\/tienda\/wp-json\/wp\/v2\/product"}],"about":[{"href":"https:\/\/parquesinfantiles.es\/tienda\/wp-json\/wp\/v2\/types\/product"}],"wp:featuredmedia":[{"embeddable":true,"href":"https:\/\/parquesinfantiles.es\/tienda\/wp-json\/wp\/v2\/media\/319"}],"wp:attachment":[{"href":"https:\/\/parquesinfantiles.es\/tienda\/wp-json\/wp\/v2\/media?parent=318"}],"wp:term":[{"taxonomy":"product_brand","embeddable":true,"href":"https:\/\/parquesinfantiles.es\/tienda\/wp-json\/wp\/v2\/product_brand?post=318"},{"taxonomy":"product_cat","embeddable":true,"href":"https:\/\/parquesinfantiles.es\/tienda\/wp-json\/wp\/v2\/product_cat?post=318"},{"taxonomy":"product_tag","embeddable":true,"href":"https:\/\/parquesinfantiles.es\/tienda\/wp-json\/wp\/v2\/product_tag?post=318"}],"curies":[{"name":"wp","href":"https:\/\/api.w.org\/{rel}","templated":true}]}}