{"id":219,"date":"2026-04-21T10:42:36","date_gmt":"2026-04-21T08:42:36","guid":{"rendered":"https:\/\/parquesinfantiles.es\/tienda\/?post_type=product&#038;p=219"},"modified":"2026-04-21T10:42:36","modified_gmt":"2026-04-21T08:42:36","slug":"fuente-romantica-de-fundicion-dumufu-02-para-parques-plazas-y-espacios-urbanos","status":"publish","type":"product","link":"https:\/\/parquesinfantiles.es\/tienda\/producto\/fuente-romantica-de-fundicion-dumufu-02-para-parques-plazas-y-espacios-urbanos\/","title":{"rendered":"Fuente Rom\u00e1ntica de Fundici\u00f3n DUMUFU-02 para Parques, Plazas y Espacios Urbanos"},"content":{"rendered":"<p data-start=\"3152\" data-end=\"3486\">La <strong data-start=\"3155\" data-end=\"3185\">fuente rom\u00e1ntica DUMUFU-02<\/strong> es una pieza de <strong data-start=\"3202\" data-end=\"3232\">mobiliario urbano exterior<\/strong> pensada para espacios que buscan combinar funcionalidad y dise\u00f1o cl\u00e1sico. Fabricada en <strong data-start=\"3320\" data-end=\"3350\">fundici\u00f3n de hierro d\u00factil<\/strong> y protegida con <strong data-start=\"3367\" data-end=\"3394\">acabado oxir\u00f3n al horno<\/strong>, ofrece una gran resistencia frente a la intemperie, el uso intensivo y el paso del tiempo.<\/p>\n<p data-start=\"3488\" data-end=\"3778\">Su dise\u00f1o elegante la convierte en una opci\u00f3n ideal para <strong data-start=\"3545\" data-end=\"3599\">parques, plazas, jardines, calles y urbanizaciones<\/strong> que desean incorporar una <strong data-start=\"3626\" data-end=\"3672\">fuente de exterior resistente y decorativa<\/strong>. Adem\u00e1s, su cubeta con rejilla de desag\u00fce y su sistema de conexi\u00f3n facilitan su instalaci\u00f3n y uso diario.<\/p>\n<h3 data-section-id=\"1iqul9e\" data-start=\"3780\" data-end=\"3805\"><\/h3>\n","protected":false},"excerpt":{"rendered":"<p>La fuente rom\u00e1ntica DUMUFU-02 es una pieza de mobiliario urbano exterior pensada para espacios que buscan combinar funcionalidad y dise\u00f1o [&hellip;]<\/p>\n","protected":false},"featured_media":222,"template":"","meta":{"site-sidebar-layout":"default","site-content-layout":"","ast-site-content-layout":"default","site-content-style":"default","site-sidebar-style":"default","ast-global-header-display":"","ast-banner-title-visibility":"","ast-main-header-display":"","ast-hfb-above-header-display":"","ast-hfb-below-header-display":"","ast-hfb-mobile-header-display":"","site-post-title":"","ast-breadcrumbs-content":"","ast-featured-img":"","footer-sml-layout":"","theme-transparent-header-meta":"default","adv-header-id-meta":"","stick-header-meta":"","header-above-stick-meta":"","header-main-stick-meta":"","header-below-stick-meta":"","astra-migrate-meta-layouts":"set","ast-page-background-enabled":"default","ast-page-background-meta":{"desktop":{"background-color":"var(--ast-global-color-5)","background-image":"","background-repeat":"repeat","background-position":"center center","background-size":"auto","background-attachment":"scroll","background-type":"","background-media":"","overlay-type":"","overlay-color":"","overlay-opacity":"","overlay-gradient":""},"tablet":{"background-color":"","background-image":"","background-repeat":"repeat","background-position":"center center","background-size":"auto","background-attachment":"scroll","background-type":"","background-media":"","overlay-type":"","overlay-color":"","overlay-opacity":"","overlay-gradient":""},"mobile":{"background-color":"","background-image":"","background-repeat":"repeat","background-position":"center center","background-size":"auto","background-attachment":"scroll","background-type":"","background-media":"","overlay-type":"","overlay-color":"","overlay-opacity":"","overlay-gradient":""}},"ast-content-background-meta":{"desktop":{"background-color":"var(--ast-global-color-4)","background-image":"","background-repeat":"repeat","background-position":"center center","background-size":"auto","background-attachment":"scroll","background-type":"","background-media":"","overlay-type":"","overlay-color":"","overlay-opacity":"","overlay-gradient":""},"tablet":{"background-color":"var(--ast-global-color-4)","background-image":"","background-repeat":"repeat","background-position":"center center","background-size":"auto","background-attachment":"scroll","background-type":"","background-media":"","overlay-type":"","overlay-color":"","overlay-opacity":"","overlay-gradient":""},"mobile":{"background-color":"var(--ast-global-color-4)","background-image":"","background-repeat":"repeat","background-position":"center center","background-size":"auto","background-attachment":"scroll","background-type":"","background-media":"","overlay-type":"","overlay-color":"","overlay-opacity":"","overlay-gradient":""}}},"product_brand":[],"product_cat":[31],"product_tag":[],"class_list":{"0":"post-219","1":"product","2":"type-product","3":"status-publish","4":"has-post-thumbnail","6":"product_cat-mobiliario-urbano","7":"desktop-align-left","8":"tablet-align-left","9":"mobile-align-left","11":"first","12":"instock","13":"taxable","14":"shipping-taxable","15":"purchasable","16":"product-type-simple"},"yoast_head":"<!-- This site is optimized with the Yoast SEO plugin v25.8 - https:\/\/yoast.com\/wordpress\/plugins\/seo\/ -->\n<title>Fuente Rom\u00e1ntica de Fundici\u00f3n DUMUFU-02 para Parques, Plazas y Espacios Urbanos - Parques Infantiles<\/title>\n<meta name=\"robots\" content=\"index, follow, max-snippet:-1, max-image-preview:large, max-video-preview:-1\" \/>\n<link rel=\"canonical\" href=\"https:\/\/parquesinfantiles.es\/tienda\/producto\/fuente-romantica-de-fundicion-dumufu-02-para-parques-plazas-y-espacios-urbanos\/\" \/>\n<meta property=\"og:locale\" content=\"es_ES\" \/>\n<meta property=\"og:type\" content=\"article\" \/>\n<meta property=\"og:title\" content=\"Fuente Rom\u00e1ntica de Fundici\u00f3n DUMUFU-02 para Parques, Plazas y Espacios Urbanos - Parques Infantiles\" \/>\n<meta property=\"og:description\" content=\"La fuente rom\u00e1ntica DUMUFU-02 es una pieza de mobiliario urbano exterior pensada para espacios que buscan combinar funcionalidad y dise\u00f1o [&hellip;]\" \/>\n<meta property=\"og:url\" content=\"https:\/\/parquesinfantiles.es\/tienda\/producto\/fuente-romantica-de-fundicion-dumufu-02-para-parques-plazas-y-espacios-urbanos\/\" \/>\n<meta property=\"og:site_name\" content=\"Parques Infantiles\" \/>\n<meta property=\"og:image\" content=\"https:\/\/parquesinfantiles.es\/tienda\/wp-content\/uploads\/2026\/04\/DUMUFU-02-Fuente-Romantica-de-fundicion.jpg\" \/>\n\t<meta property=\"og:image:width\" content=\"1000\" \/>\n\t<meta property=\"og:image:height\" content=\"700\" \/>\n\t<meta property=\"og:image:type\" content=\"image\/jpeg\" \/>\n<meta name=\"twitter:card\" content=\"summary_large_image\" \/>\n<meta name=\"twitter:label1\" content=\"Tiempo de lectura\" \/>\n\t<meta name=\"twitter:data1\" content=\"1 minuto\" \/>\n<script type=\"application\/ld+json\" class=\"yoast-schema-graph\">{\"@context\":\"https:\/\/schema.org\",\"@graph\":[{\"@type\":\"WebPage\",\"@id\":\"https:\/\/parquesinfantiles.es\/tienda\/producto\/fuente-romantica-de-fundicion-dumufu-02-para-parques-plazas-y-espacios-urbanos\/\",\"url\":\"https:\/\/parquesinfantiles.es\/tienda\/producto\/fuente-romantica-de-fundicion-dumufu-02-para-parques-plazas-y-espacios-urbanos\/\",\"name\":\"Fuente Rom\u00e1ntica de Fundici\u00f3n DUMUFU-02 para Parques, Plazas y Espacios Urbanos - Parques Infantiles\",\"isPartOf\":{\"@id\":\"https:\/\/parquesinfantiles.es\/tienda\/#website\"},\"primaryImageOfPage\":{\"@id\":\"https:\/\/parquesinfantiles.es\/tienda\/producto\/fuente-romantica-de-fundicion-dumufu-02-para-parques-plazas-y-espacios-urbanos\/#primaryimage\"},\"image\":{\"@id\":\"https:\/\/parquesinfantiles.es\/tienda\/producto\/fuente-romantica-de-fundicion-dumufu-02-para-parques-plazas-y-espacios-urbanos\/#primaryimage\"},\"thumbnailUrl\":\"https:\/\/parquesinfantiles.es\/tienda\/wp-content\/uploads\/2026\/04\/DUMUFU-02-Fuente-Romantica-de-fundicion.jpg\",\"datePublished\":\"2026-04-21T08:42:36+00:00\",\"breadcrumb\":{\"@id\":\"https:\/\/parquesinfantiles.es\/tienda\/producto\/fuente-romantica-de-fundicion-dumufu-02-para-parques-plazas-y-espacios-urbanos\/#breadcrumb\"},\"inLanguage\":\"es\",\"potentialAction\":[{\"@type\":\"ReadAction\",\"target\":[\"https:\/\/parquesinfantiles.es\/tienda\/producto\/fuente-romantica-de-fundicion-dumufu-02-para-parques-plazas-y-espacios-urbanos\/\"]}]},{\"@type\":\"ImageObject\",\"inLanguage\":\"es\",\"@id\":\"https:\/\/parquesinfantiles.es\/tienda\/producto\/fuente-romantica-de-fundicion-dumufu-02-para-parques-plazas-y-espacios-urbanos\/#primaryimage\",\"url\":\"https:\/\/parquesinfantiles.es\/tienda\/wp-content\/uploads\/2026\/04\/DUMUFU-02-Fuente-Romantica-de-fundicion.jpg\",\"contentUrl\":\"https:\/\/parquesinfantiles.es\/tienda\/wp-content\/uploads\/2026\/04\/DUMUFU-02-Fuente-Romantica-de-fundicion.jpg\",\"width\":1000,\"height\":700},{\"@type\":\"BreadcrumbList\",\"@id\":\"https:\/\/parquesinfantiles.es\/tienda\/producto\/fuente-romantica-de-fundicion-dumufu-02-para-parques-plazas-y-espacios-urbanos\/#breadcrumb\",\"itemListElement\":[{\"@type\":\"ListItem\",\"position\":1,\"name\":\"Portada\",\"item\":\"https:\/\/parquesinfantiles.es\/tienda\/\"},{\"@type\":\"ListItem\",\"position\":2,\"name\":\"Tienda\",\"item\":\"https:\/\/parquesinfantiles.es\/tienda\/\"},{\"@type\":\"ListItem\",\"position\":3,\"name\":\"Fuente Rom\u00e1ntica de Fundici\u00f3n DUMUFU-02 para Parques, Plazas y Espacios Urbanos\"}]},{\"@type\":\"WebSite\",\"@id\":\"https:\/\/parquesinfantiles.es\/tienda\/#website\",\"url\":\"https:\/\/parquesinfantiles.es\/tienda\/\",\"name\":\"Parques Infantiles\",\"description\":\"\",\"publisher\":{\"@id\":\"https:\/\/parquesinfantiles.es\/tienda\/#organization\"},\"potentialAction\":[{\"@type\":\"SearchAction\",\"target\":{\"@type\":\"EntryPoint\",\"urlTemplate\":\"https:\/\/parquesinfantiles.es\/tienda\/?s={search_term_string}\"},\"query-input\":{\"@type\":\"PropertyValueSpecification\",\"valueRequired\":true,\"valueName\":\"search_term_string\"}}],\"inLanguage\":\"es\"},{\"@type\":\"Organization\",\"@id\":\"https:\/\/parquesinfantiles.es\/tienda\/#organization\",\"name\":\"Parques Infantiles\",\"url\":\"https:\/\/parquesinfantiles.es\/tienda\/\",\"logo\":{\"@type\":\"ImageObject\",\"inLanguage\":\"es\",\"@id\":\"https:\/\/parquesinfantiles.es\/tienda\/#\/schema\/logo\/image\/\",\"url\":\"https:\/\/parquesinfantiles.es\/tienda\/wp-content\/uploads\/2025\/07\/logo-aunor.png\",\"contentUrl\":\"https:\/\/parquesinfantiles.es\/tienda\/wp-content\/uploads\/2025\/07\/logo-aunor.png\",\"width\":120,\"height\":136,\"caption\":\"Parques Infantiles\"},\"image\":{\"@id\":\"https:\/\/parquesinfantiles.es\/tienda\/#\/schema\/logo\/image\/\"}}]}<\/script>\n<!-- \/ Yoast SEO plugin. -->","yoast_head_json":{"title":"Fuente Rom\u00e1ntica de Fundici\u00f3n DUMUFU-02 para Parques, Plazas y Espacios Urbanos - Parques Infantiles","robots":{"index":"index","follow":"follow","max-snippet":"max-snippet:-1","max-image-preview":"max-image-preview:large","max-video-preview":"max-video-preview:-1"},"canonical":"https:\/\/parquesinfantiles.es\/tienda\/producto\/fuente-romantica-de-fundicion-dumufu-02-para-parques-plazas-y-espacios-urbanos\/","og_locale":"es_ES","og_type":"article","og_title":"Fuente Rom\u00e1ntica de Fundici\u00f3n DUMUFU-02 para Parques, Plazas y Espacios Urbanos - Parques Infantiles","og_description":"La fuente rom\u00e1ntica DUMUFU-02 es una pieza de mobiliario urbano exterior pensada para espacios que buscan combinar funcionalidad y dise\u00f1o [&hellip;]","og_url":"https:\/\/parquesinfantiles.es\/tienda\/producto\/fuente-romantica-de-fundicion-dumufu-02-para-parques-plazas-y-espacios-urbanos\/","og_site_name":"Parques Infantiles","og_image":[{"width":1000,"height":700,"url":"https:\/\/parquesinfantiles.es\/tienda\/wp-content\/uploads\/2026\/04\/DUMUFU-02-Fuente-Romantica-de-fundicion.jpg","type":"image\/jpeg"}],"twitter_card":"summary_large_image","twitter_misc":{"Tiempo de lectura":"1 minuto"},"schema":{"@context":"https:\/\/schema.org","@graph":[{"@type":"WebPage","@id":"https:\/\/parquesinfantiles.es\/tienda\/producto\/fuente-romantica-de-fundicion-dumufu-02-para-parques-plazas-y-espacios-urbanos\/","url":"https:\/\/parquesinfantiles.es\/tienda\/producto\/fuente-romantica-de-fundicion-dumufu-02-para-parques-plazas-y-espacios-urbanos\/","name":"Fuente Rom\u00e1ntica de Fundici\u00f3n DUMUFU-02 para Parques, Plazas y Espacios Urbanos - Parques Infantiles","isPartOf":{"@id":"https:\/\/parquesinfantiles.es\/tienda\/#website"},"primaryImageOfPage":{"@id":"https:\/\/parquesinfantiles.es\/tienda\/producto\/fuente-romantica-de-fundicion-dumufu-02-para-parques-plazas-y-espacios-urbanos\/#primaryimage"},"image":{"@id":"https:\/\/parquesinfantiles.es\/tienda\/producto\/fuente-romantica-de-fundicion-dumufu-02-para-parques-plazas-y-espacios-urbanos\/#primaryimage"},"thumbnailUrl":"https:\/\/parquesinfantiles.es\/tienda\/wp-content\/uploads\/2026\/04\/DUMUFU-02-Fuente-Romantica-de-fundicion.jpg","datePublished":"2026-04-21T08:42:36+00:00","breadcrumb":{"@id":"https:\/\/parquesinfantiles.es\/tienda\/producto\/fuente-romantica-de-fundicion-dumufu-02-para-parques-plazas-y-espacios-urbanos\/#breadcrumb"},"inLanguage":"es","potentialAction":[{"@type":"ReadAction","target":["https:\/\/parquesinfantiles.es\/tienda\/producto\/fuente-romantica-de-fundicion-dumufu-02-para-parques-plazas-y-espacios-urbanos\/"]}]},{"@type":"ImageObject","inLanguage":"es","@id":"https:\/\/parquesinfantiles.es\/tienda\/producto\/fuente-romantica-de-fundicion-dumufu-02-para-parques-plazas-y-espacios-urbanos\/#primaryimage","url":"https:\/\/parquesinfantiles.es\/tienda\/wp-content\/uploads\/2026\/04\/DUMUFU-02-Fuente-Romantica-de-fundicion.jpg","contentUrl":"https:\/\/parquesinfantiles.es\/tienda\/wp-content\/uploads\/2026\/04\/DUMUFU-02-Fuente-Romantica-de-fundicion.jpg","width":1000,"height":700},{"@type":"BreadcrumbList","@id":"https:\/\/parquesinfantiles.es\/tienda\/producto\/fuente-romantica-de-fundicion-dumufu-02-para-parques-plazas-y-espacios-urbanos\/#breadcrumb","itemListElement":[{"@type":"ListItem","position":1,"name":"Portada","item":"https:\/\/parquesinfantiles.es\/tienda\/"},{"@type":"ListItem","position":2,"name":"Tienda","item":"https:\/\/parquesinfantiles.es\/tienda\/"},{"@type":"ListItem","position":3,"name":"Fuente Rom\u00e1ntica de Fundici\u00f3n DUMUFU-02 para Parques, Plazas y Espacios Urbanos"}]},{"@type":"WebSite","@id":"https:\/\/parquesinfantiles.es\/tienda\/#website","url":"https:\/\/parquesinfantiles.es\/tienda\/","name":"Parques Infantiles","description":"","publisher":{"@id":"https:\/\/parquesinfantiles.es\/tienda\/#organization"},"potentialAction":[{"@type":"SearchAction","target":{"@type":"EntryPoint","urlTemplate":"https:\/\/parquesinfantiles.es\/tienda\/?s={search_term_string}"},"query-input":{"@type":"PropertyValueSpecification","valueRequired":true,"valueName":"search_term_string"}}],"inLanguage":"es"},{"@type":"Organization","@id":"https:\/\/parquesinfantiles.es\/tienda\/#organization","name":"Parques Infantiles","url":"https:\/\/parquesinfantiles.es\/tienda\/","logo":{"@type":"ImageObject","inLanguage":"es","@id":"https:\/\/parquesinfantiles.es\/tienda\/#\/schema\/logo\/image\/","url":"https:\/\/parquesinfantiles.es\/tienda\/wp-content\/uploads\/2025\/07\/logo-aunor.png","contentUrl":"https:\/\/parquesinfantiles.es\/tienda\/wp-content\/uploads\/2025\/07\/logo-aunor.png","width":120,"height":136,"caption":"Parques Infantiles"},"image":{"@id":"https:\/\/parquesinfantiles.es\/tienda\/#\/schema\/logo\/image\/"}}]}},"_links":{"self":[{"href":"https:\/\/parquesinfantiles.es\/tienda\/wp-json\/wp\/v2\/product\/219","targetHints":{"allow":["GET"]}}],"collection":[{"href":"https:\/\/parquesinfantiles.es\/tienda\/wp-json\/wp\/v2\/product"}],"about":[{"href":"https:\/\/parquesinfantiles.es\/tienda\/wp-json\/wp\/v2\/types\/product"}],"wp:featuredmedia":[{"embeddable":true,"href":"https:\/\/parquesinfantiles.es\/tienda\/wp-json\/wp\/v2\/media\/222"}],"wp:attachment":[{"href":"https:\/\/parquesinfantiles.es\/tienda\/wp-json\/wp\/v2\/media?parent=219"}],"wp:term":[{"taxonomy":"product_brand","embeddable":true,"href":"https:\/\/parquesinfantiles.es\/tienda\/wp-json\/wp\/v2\/product_brand?post=219"},{"taxonomy":"product_cat","embeddable":true,"href":"https:\/\/parquesinfantiles.es\/tienda\/wp-json\/wp\/v2\/product_cat?post=219"},{"taxonomy":"product_tag","embeddable":true,"href":"https:\/\/parquesinfantiles.es\/tienda\/wp-json\/wp\/v2\/product_tag?post=219"}],"curies":[{"name":"wp","href":"https:\/\/api.w.org\/{rel}","templated":true}]}}