{"id":216,"date":"2026-04-21T10:41:03","date_gmt":"2026-04-21T08:41:03","guid":{"rendered":"https:\/\/parquesinfantiles.es\/tienda\/?post_type=product&#038;p=216"},"modified":"2026-04-21T10:41:03","modified_gmt":"2026-04-21T08:41:03","slug":"fuente-de-agua-urbana-dumufu-01-para-parques-plazas-y-espacios-publicos","status":"publish","type":"product","link":"https:\/\/parquesinfantiles.es\/tienda\/producto\/fuente-de-agua-urbana-dumufu-01-para-parques-plazas-y-espacios-publicos\/","title":{"rendered":"Fuente de Agua Urbana DUMUFU-01 para Parques, Plazas y Espacios P\u00fablicos"},"content":{"rendered":"<p data-start=\"3029\" data-end=\"3335\">La <strong data-start=\"3032\" data-end=\"3060\">fuente de agua DUMUFU-01<\/strong> es una soluci\u00f3n de <strong data-start=\"3080\" data-end=\"3110\">mobiliario urbano exterior<\/strong> que combina dise\u00f1o contempor\u00e1neo, resistencia y funcionalidad. Fabricada en <strong data-start=\"3187\" data-end=\"3204\">acero zincado<\/strong> con acabado de <strong data-start=\"3220\" data-end=\"3247\">pintura al horno oxir\u00f3n<\/strong>, est\u00e1 preparada para soportar el uso diario y las condiciones clim\u00e1ticas m\u00e1s exigentes.<\/p>\n<p data-start=\"3337\" data-end=\"3623\">Su dise\u00f1o cuadrado y minimalista la convierte en una opci\u00f3n ideal para <strong data-start=\"3408\" data-end=\"3485\">parques, plazas, calles, colegios, comunidades e instalaciones deportivas<\/strong>. Adem\u00e1s, incorpora <strong data-start=\"3505\" data-end=\"3526\">grifo temporizado<\/strong> y <strong data-start=\"3529\" data-end=\"3552\">rejilla galvanizada<\/strong>, facilitando su uso, instalaci\u00f3n y mantenimiento en espacios p\u00fablicos.<\/p>\n<h3 data-section-id=\"1iqul9e\" data-start=\"3625\" data-end=\"3650\"><\/h3>\n","protected":false},"excerpt":{"rendered":"<p>La fuente de agua DUMUFU-01 es una soluci\u00f3n de mobiliario urbano exterior que combina dise\u00f1o contempor\u00e1neo, resistencia y funcionalidad. Fabricada [&hellip;]<\/p>\n","protected":false},"featured_media":218,"template":"","meta":{"site-sidebar-layout":"default","site-content-layout":"","ast-site-content-layout":"default","site-content-style":"default","site-sidebar-style":"default","ast-global-header-display":"","ast-banner-title-visibility":"","ast-main-header-display":"","ast-hfb-above-header-display":"","ast-hfb-below-header-display":"","ast-hfb-mobile-header-display":"","site-post-title":"","ast-breadcrumbs-content":"","ast-featured-img":"","footer-sml-layout":"","theme-transparent-header-meta":"default","adv-header-id-meta":"","stick-header-meta":"","header-above-stick-meta":"","header-main-stick-meta":"","header-below-stick-meta":"","astra-migrate-meta-layouts":"set","ast-page-background-enabled":"default","ast-page-background-meta":{"desktop":{"background-color":"var(--ast-global-color-5)","background-image":"","background-repeat":"repeat","background-position":"center center","background-size":"auto","background-attachment":"scroll","background-type":"","background-media":"","overlay-type":"","overlay-color":"","overlay-opacity":"","overlay-gradient":""},"tablet":{"background-color":"","background-image":"","background-repeat":"repeat","background-position":"center center","background-size":"auto","background-attachment":"scroll","background-type":"","background-media":"","overlay-type":"","overlay-color":"","overlay-opacity":"","overlay-gradient":""},"mobile":{"background-color":"","background-image":"","background-repeat":"repeat","background-position":"center center","background-size":"auto","background-attachment":"scroll","background-type":"","background-media":"","overlay-type":"","overlay-color":"","overlay-opacity":"","overlay-gradient":""}},"ast-content-background-meta":{"desktop":{"background-color":"var(--ast-global-color-4)","background-image":"","background-repeat":"repeat","background-position":"center center","background-size":"auto","background-attachment":"scroll","background-type":"","background-media":"","overlay-type":"","overlay-color":"","overlay-opacity":"","overlay-gradient":""},"tablet":{"background-color":"var(--ast-global-color-4)","background-image":"","background-repeat":"repeat","background-position":"center center","background-size":"auto","background-attachment":"scroll","background-type":"","background-media":"","overlay-type":"","overlay-color":"","overlay-opacity":"","overlay-gradient":""},"mobile":{"background-color":"var(--ast-global-color-4)","background-image":"","background-repeat":"repeat","background-position":"center center","background-size":"auto","background-attachment":"scroll","background-type":"","background-media":"","overlay-type":"","overlay-color":"","overlay-opacity":"","overlay-gradient":""}}},"product_brand":[],"product_cat":[31],"product_tag":[],"class_list":{"0":"post-216","1":"product","2":"type-product","3":"status-publish","4":"has-post-thumbnail","6":"product_cat-mobiliario-urbano","7":"desktop-align-left","8":"tablet-align-left","9":"mobile-align-left","11":"first","12":"instock","13":"taxable","14":"shipping-taxable","15":"purchasable","16":"product-type-simple"},"yoast_head":"<!-- This site is optimized with the Yoast SEO plugin v25.8 - https:\/\/yoast.com\/wordpress\/plugins\/seo\/ -->\n<title>Fuente de Agua Urbana DUMUFU-01 para Parques, Plazas y Espacios P\u00fablicos - Parques Infantiles<\/title>\n<meta name=\"robots\" content=\"index, follow, max-snippet:-1, max-image-preview:large, max-video-preview:-1\" \/>\n<link rel=\"canonical\" href=\"https:\/\/parquesinfantiles.es\/tienda\/producto\/fuente-de-agua-urbana-dumufu-01-para-parques-plazas-y-espacios-publicos\/\" \/>\n<meta property=\"og:locale\" content=\"es_ES\" \/>\n<meta property=\"og:type\" content=\"article\" \/>\n<meta property=\"og:title\" content=\"Fuente de Agua Urbana DUMUFU-01 para Parques, Plazas y Espacios P\u00fablicos - Parques Infantiles\" \/>\n<meta property=\"og:description\" content=\"La fuente de agua DUMUFU-01 es una soluci\u00f3n de mobiliario urbano exterior que combina dise\u00f1o contempor\u00e1neo, resistencia y funcionalidad. Fabricada [&hellip;]\" \/>\n<meta property=\"og:url\" content=\"https:\/\/parquesinfantiles.es\/tienda\/producto\/fuente-de-agua-urbana-dumufu-01-para-parques-plazas-y-espacios-publicos\/\" \/>\n<meta property=\"og:site_name\" content=\"Parques Infantiles\" \/>\n<meta property=\"og:image\" content=\"https:\/\/parquesinfantiles.es\/tienda\/wp-content\/uploads\/2026\/04\/Fuente-urbana-DUMUFU-01.jpg\" \/>\n\t<meta property=\"og:image:width\" content=\"1000\" \/>\n\t<meta property=\"og:image:height\" content=\"700\" \/>\n\t<meta property=\"og:image:type\" content=\"image\/jpeg\" \/>\n<meta name=\"twitter:card\" content=\"summary_large_image\" \/>\n<meta name=\"twitter:label1\" content=\"Tiempo de lectura\" \/>\n\t<meta name=\"twitter:data1\" content=\"1 minuto\" \/>\n<script type=\"application\/ld+json\" class=\"yoast-schema-graph\">{\"@context\":\"https:\/\/schema.org\",\"@graph\":[{\"@type\":\"WebPage\",\"@id\":\"https:\/\/parquesinfantiles.es\/tienda\/producto\/fuente-de-agua-urbana-dumufu-01-para-parques-plazas-y-espacios-publicos\/\",\"url\":\"https:\/\/parquesinfantiles.es\/tienda\/producto\/fuente-de-agua-urbana-dumufu-01-para-parques-plazas-y-espacios-publicos\/\",\"name\":\"Fuente de Agua Urbana DUMUFU-01 para Parques, Plazas y Espacios P\u00fablicos - Parques Infantiles\",\"isPartOf\":{\"@id\":\"https:\/\/parquesinfantiles.es\/tienda\/#website\"},\"primaryImageOfPage\":{\"@id\":\"https:\/\/parquesinfantiles.es\/tienda\/producto\/fuente-de-agua-urbana-dumufu-01-para-parques-plazas-y-espacios-publicos\/#primaryimage\"},\"image\":{\"@id\":\"https:\/\/parquesinfantiles.es\/tienda\/producto\/fuente-de-agua-urbana-dumufu-01-para-parques-plazas-y-espacios-publicos\/#primaryimage\"},\"thumbnailUrl\":\"https:\/\/parquesinfantiles.es\/tienda\/wp-content\/uploads\/2026\/04\/Fuente-urbana-DUMUFU-01.jpg\",\"datePublished\":\"2026-04-21T08:41:03+00:00\",\"breadcrumb\":{\"@id\":\"https:\/\/parquesinfantiles.es\/tienda\/producto\/fuente-de-agua-urbana-dumufu-01-para-parques-plazas-y-espacios-publicos\/#breadcrumb\"},\"inLanguage\":\"es\",\"potentialAction\":[{\"@type\":\"ReadAction\",\"target\":[\"https:\/\/parquesinfantiles.es\/tienda\/producto\/fuente-de-agua-urbana-dumufu-01-para-parques-plazas-y-espacios-publicos\/\"]}]},{\"@type\":\"ImageObject\",\"inLanguage\":\"es\",\"@id\":\"https:\/\/parquesinfantiles.es\/tienda\/producto\/fuente-de-agua-urbana-dumufu-01-para-parques-plazas-y-espacios-publicos\/#primaryimage\",\"url\":\"https:\/\/parquesinfantiles.es\/tienda\/wp-content\/uploads\/2026\/04\/Fuente-urbana-DUMUFU-01.jpg\",\"contentUrl\":\"https:\/\/parquesinfantiles.es\/tienda\/wp-content\/uploads\/2026\/04\/Fuente-urbana-DUMUFU-01.jpg\",\"width\":1000,\"height\":700},{\"@type\":\"BreadcrumbList\",\"@id\":\"https:\/\/parquesinfantiles.es\/tienda\/producto\/fuente-de-agua-urbana-dumufu-01-para-parques-plazas-y-espacios-publicos\/#breadcrumb\",\"itemListElement\":[{\"@type\":\"ListItem\",\"position\":1,\"name\":\"Portada\",\"item\":\"https:\/\/parquesinfantiles.es\/tienda\/\"},{\"@type\":\"ListItem\",\"position\":2,\"name\":\"Tienda\",\"item\":\"https:\/\/parquesinfantiles.es\/tienda\/\"},{\"@type\":\"ListItem\",\"position\":3,\"name\":\"Fuente de Agua Urbana DUMUFU-01 para Parques, Plazas y Espacios P\u00fablicos\"}]},{\"@type\":\"WebSite\",\"@id\":\"https:\/\/parquesinfantiles.es\/tienda\/#website\",\"url\":\"https:\/\/parquesinfantiles.es\/tienda\/\",\"name\":\"Parques Infantiles\",\"description\":\"\",\"publisher\":{\"@id\":\"https:\/\/parquesinfantiles.es\/tienda\/#organization\"},\"potentialAction\":[{\"@type\":\"SearchAction\",\"target\":{\"@type\":\"EntryPoint\",\"urlTemplate\":\"https:\/\/parquesinfantiles.es\/tienda\/?s={search_term_string}\"},\"query-input\":{\"@type\":\"PropertyValueSpecification\",\"valueRequired\":true,\"valueName\":\"search_term_string\"}}],\"inLanguage\":\"es\"},{\"@type\":\"Organization\",\"@id\":\"https:\/\/parquesinfantiles.es\/tienda\/#organization\",\"name\":\"Parques Infantiles\",\"url\":\"https:\/\/parquesinfantiles.es\/tienda\/\",\"logo\":{\"@type\":\"ImageObject\",\"inLanguage\":\"es\",\"@id\":\"https:\/\/parquesinfantiles.es\/tienda\/#\/schema\/logo\/image\/\",\"url\":\"https:\/\/parquesinfantiles.es\/tienda\/wp-content\/uploads\/2025\/07\/logo-aunor.png\",\"contentUrl\":\"https:\/\/parquesinfantiles.es\/tienda\/wp-content\/uploads\/2025\/07\/logo-aunor.png\",\"width\":120,\"height\":136,\"caption\":\"Parques Infantiles\"},\"image\":{\"@id\":\"https:\/\/parquesinfantiles.es\/tienda\/#\/schema\/logo\/image\/\"}}]}<\/script>\n<!-- \/ Yoast SEO plugin. -->","yoast_head_json":{"title":"Fuente de Agua Urbana DUMUFU-01 para Parques, Plazas y Espacios P\u00fablicos - Parques Infantiles","robots":{"index":"index","follow":"follow","max-snippet":"max-snippet:-1","max-image-preview":"max-image-preview:large","max-video-preview":"max-video-preview:-1"},"canonical":"https:\/\/parquesinfantiles.es\/tienda\/producto\/fuente-de-agua-urbana-dumufu-01-para-parques-plazas-y-espacios-publicos\/","og_locale":"es_ES","og_type":"article","og_title":"Fuente de Agua Urbana DUMUFU-01 para Parques, Plazas y Espacios P\u00fablicos - Parques Infantiles","og_description":"La fuente de agua DUMUFU-01 es una soluci\u00f3n de mobiliario urbano exterior que combina dise\u00f1o contempor\u00e1neo, resistencia y funcionalidad. Fabricada [&hellip;]","og_url":"https:\/\/parquesinfantiles.es\/tienda\/producto\/fuente-de-agua-urbana-dumufu-01-para-parques-plazas-y-espacios-publicos\/","og_site_name":"Parques Infantiles","og_image":[{"width":1000,"height":700,"url":"https:\/\/parquesinfantiles.es\/tienda\/wp-content\/uploads\/2026\/04\/Fuente-urbana-DUMUFU-01.jpg","type":"image\/jpeg"}],"twitter_card":"summary_large_image","twitter_misc":{"Tiempo de lectura":"1 minuto"},"schema":{"@context":"https:\/\/schema.org","@graph":[{"@type":"WebPage","@id":"https:\/\/parquesinfantiles.es\/tienda\/producto\/fuente-de-agua-urbana-dumufu-01-para-parques-plazas-y-espacios-publicos\/","url":"https:\/\/parquesinfantiles.es\/tienda\/producto\/fuente-de-agua-urbana-dumufu-01-para-parques-plazas-y-espacios-publicos\/","name":"Fuente de Agua Urbana DUMUFU-01 para Parques, Plazas y Espacios P\u00fablicos - Parques Infantiles","isPartOf":{"@id":"https:\/\/parquesinfantiles.es\/tienda\/#website"},"primaryImageOfPage":{"@id":"https:\/\/parquesinfantiles.es\/tienda\/producto\/fuente-de-agua-urbana-dumufu-01-para-parques-plazas-y-espacios-publicos\/#primaryimage"},"image":{"@id":"https:\/\/parquesinfantiles.es\/tienda\/producto\/fuente-de-agua-urbana-dumufu-01-para-parques-plazas-y-espacios-publicos\/#primaryimage"},"thumbnailUrl":"https:\/\/parquesinfantiles.es\/tienda\/wp-content\/uploads\/2026\/04\/Fuente-urbana-DUMUFU-01.jpg","datePublished":"2026-04-21T08:41:03+00:00","breadcrumb":{"@id":"https:\/\/parquesinfantiles.es\/tienda\/producto\/fuente-de-agua-urbana-dumufu-01-para-parques-plazas-y-espacios-publicos\/#breadcrumb"},"inLanguage":"es","potentialAction":[{"@type":"ReadAction","target":["https:\/\/parquesinfantiles.es\/tienda\/producto\/fuente-de-agua-urbana-dumufu-01-para-parques-plazas-y-espacios-publicos\/"]}]},{"@type":"ImageObject","inLanguage":"es","@id":"https:\/\/parquesinfantiles.es\/tienda\/producto\/fuente-de-agua-urbana-dumufu-01-para-parques-plazas-y-espacios-publicos\/#primaryimage","url":"https:\/\/parquesinfantiles.es\/tienda\/wp-content\/uploads\/2026\/04\/Fuente-urbana-DUMUFU-01.jpg","contentUrl":"https:\/\/parquesinfantiles.es\/tienda\/wp-content\/uploads\/2026\/04\/Fuente-urbana-DUMUFU-01.jpg","width":1000,"height":700},{"@type":"BreadcrumbList","@id":"https:\/\/parquesinfantiles.es\/tienda\/producto\/fuente-de-agua-urbana-dumufu-01-para-parques-plazas-y-espacios-publicos\/#breadcrumb","itemListElement":[{"@type":"ListItem","position":1,"name":"Portada","item":"https:\/\/parquesinfantiles.es\/tienda\/"},{"@type":"ListItem","position":2,"name":"Tienda","item":"https:\/\/parquesinfantiles.es\/tienda\/"},{"@type":"ListItem","position":3,"name":"Fuente de Agua Urbana DUMUFU-01 para Parques, Plazas y Espacios P\u00fablicos"}]},{"@type":"WebSite","@id":"https:\/\/parquesinfantiles.es\/tienda\/#website","url":"https:\/\/parquesinfantiles.es\/tienda\/","name":"Parques Infantiles","description":"","publisher":{"@id":"https:\/\/parquesinfantiles.es\/tienda\/#organization"},"potentialAction":[{"@type":"SearchAction","target":{"@type":"EntryPoint","urlTemplate":"https:\/\/parquesinfantiles.es\/tienda\/?s={search_term_string}"},"query-input":{"@type":"PropertyValueSpecification","valueRequired":true,"valueName":"search_term_string"}}],"inLanguage":"es"},{"@type":"Organization","@id":"https:\/\/parquesinfantiles.es\/tienda\/#organization","name":"Parques Infantiles","url":"https:\/\/parquesinfantiles.es\/tienda\/","logo":{"@type":"ImageObject","inLanguage":"es","@id":"https:\/\/parquesinfantiles.es\/tienda\/#\/schema\/logo\/image\/","url":"https:\/\/parquesinfantiles.es\/tienda\/wp-content\/uploads\/2025\/07\/logo-aunor.png","contentUrl":"https:\/\/parquesinfantiles.es\/tienda\/wp-content\/uploads\/2025\/07\/logo-aunor.png","width":120,"height":136,"caption":"Parques Infantiles"},"image":{"@id":"https:\/\/parquesinfantiles.es\/tienda\/#\/schema\/logo\/image\/"}}]}},"_links":{"self":[{"href":"https:\/\/parquesinfantiles.es\/tienda\/wp-json\/wp\/v2\/product\/216","targetHints":{"allow":["GET"]}}],"collection":[{"href":"https:\/\/parquesinfantiles.es\/tienda\/wp-json\/wp\/v2\/product"}],"about":[{"href":"https:\/\/parquesinfantiles.es\/tienda\/wp-json\/wp\/v2\/types\/product"}],"wp:featuredmedia":[{"embeddable":true,"href":"https:\/\/parquesinfantiles.es\/tienda\/wp-json\/wp\/v2\/media\/218"}],"wp:attachment":[{"href":"https:\/\/parquesinfantiles.es\/tienda\/wp-json\/wp\/v2\/media?parent=216"}],"wp:term":[{"taxonomy":"product_brand","embeddable":true,"href":"https:\/\/parquesinfantiles.es\/tienda\/wp-json\/wp\/v2\/product_brand?post=216"},{"taxonomy":"product_cat","embeddable":true,"href":"https:\/\/parquesinfantiles.es\/tienda\/wp-json\/wp\/v2\/product_cat?post=216"},{"taxonomy":"product_tag","embeddable":true,"href":"https:\/\/parquesinfantiles.es\/tienda\/wp-json\/wp\/v2\/product_tag?post=216"}],"curies":[{"name":"wp","href":"https:\/\/api.w.org\/{rel}","templated":true}]}}