{"id":202,"date":"2026-04-20T14:53:45","date_gmt":"2026-04-20T12:53:45","guid":{"rendered":"https:\/\/parquesinfantiles.es\/tienda\/?post_type=product&#038;p=202"},"modified":"2026-04-20T14:53:45","modified_gmt":"2026-04-20T12:53:45","slug":"pilona-extraible-dumupi-01ex-de-acero-galvanizado-con-base-de-cierre-modelo-barcelona","status":"publish","type":"product","link":"https:\/\/parquesinfantiles.es\/tienda\/producto\/pilona-extraible-dumupi-01ex-de-acero-galvanizado-con-base-de-cierre-modelo-barcelona\/","title":{"rendered":"Pilona Extra\u00edble DUMUPI-01EX de Acero Galvanizado con Base de Cierre \u2013 Modelo Barcelona"},"content":{"rendered":"<p data-start=\"3364\" data-end=\"3734\">La <strong data-start=\"3367\" data-end=\"3399\">pilona extra\u00edble DUMUPI-01EX<\/strong> es una soluci\u00f3n de <strong data-start=\"3419\" data-end=\"3440\">mobiliario urbano<\/strong> dise\u00f1ada para controlar el acceso de veh\u00edculos de forma temporal, segura y eficaz. Su fabricaci\u00f3n en <strong data-start=\"3542\" data-end=\"3563\">acero galvanizado<\/strong>, junto con su <strong data-start=\"3578\" data-end=\"3600\">base con cerradura<\/strong> y su <strong data-start=\"3606\" data-end=\"3636\">anillo superior inoxidable<\/strong>, garantiza resistencia, durabilidad y una est\u00e9tica moderna para todo tipo de espacios exteriores.<\/p>\n<p data-start=\"3736\" data-end=\"3967\">Ideal para <strong data-start=\"3747\" data-end=\"3830\">zonas peatonales, aparcamientos, accesos restringidos, parques y urbanizaciones<\/strong>, esta <strong data-start=\"3837\" data-end=\"3853\">pilona m\u00f3vil<\/strong> permite abrir o cerrar el paso cuando sea necesario, ofreciendo m\u00e1xima funcionalidad con un mantenimiento m\u00ednimo.<\/p>\n","protected":false},"excerpt":{"rendered":"<p>La pilona extra\u00edble DUMUPI-01EX es una soluci\u00f3n de mobiliario urbano dise\u00f1ada para controlar el acceso de veh\u00edculos de forma temporal, [&hellip;]<\/p>\n","protected":false},"featured_media":212,"template":"","meta":{"site-sidebar-layout":"default","site-content-layout":"","ast-site-content-layout":"default","site-content-style":"default","site-sidebar-style":"default","ast-global-header-display":"","ast-banner-title-visibility":"","ast-main-header-display":"","ast-hfb-above-header-display":"","ast-hfb-below-header-display":"","ast-hfb-mobile-header-display":"","site-post-title":"","ast-breadcrumbs-content":"","ast-featured-img":"","footer-sml-layout":"","theme-transparent-header-meta":"default","adv-header-id-meta":"","stick-header-meta":"","header-above-stick-meta":"","header-main-stick-meta":"","header-below-stick-meta":"","astra-migrate-meta-layouts":"set","ast-page-background-enabled":"default","ast-page-background-meta":{"desktop":{"background-color":"var(--ast-global-color-5)","background-image":"","background-repeat":"repeat","background-position":"center center","background-size":"auto","background-attachment":"scroll","background-type":"","background-media":"","overlay-type":"","overlay-color":"","overlay-opacity":"","overlay-gradient":""},"tablet":{"background-color":"","background-image":"","background-repeat":"repeat","background-position":"center center","background-size":"auto","background-attachment":"scroll","background-type":"","background-media":"","overlay-type":"","overlay-color":"","overlay-opacity":"","overlay-gradient":""},"mobile":{"background-color":"","background-image":"","background-repeat":"repeat","background-position":"center center","background-size":"auto","background-attachment":"scroll","background-type":"","background-media":"","overlay-type":"","overlay-color":"","overlay-opacity":"","overlay-gradient":""}},"ast-content-background-meta":{"desktop":{"background-color":"var(--ast-global-color-4)","background-image":"","background-repeat":"repeat","background-position":"center center","background-size":"auto","background-attachment":"scroll","background-type":"","background-media":"","overlay-type":"","overlay-color":"","overlay-opacity":"","overlay-gradient":""},"tablet":{"background-color":"var(--ast-global-color-4)","background-image":"","background-repeat":"repeat","background-position":"center center","background-size":"auto","background-attachment":"scroll","background-type":"","background-media":"","overlay-type":"","overlay-color":"","overlay-opacity":"","overlay-gradient":""},"mobile":{"background-color":"var(--ast-global-color-4)","background-image":"","background-repeat":"repeat","background-position":"center center","background-size":"auto","background-attachment":"scroll","background-type":"","background-media":"","overlay-type":"","overlay-color":"","overlay-opacity":"","overlay-gradient":""}}},"product_brand":[],"product_cat":[31],"product_tag":[],"class_list":{"0":"post-202","1":"product","2":"type-product","3":"status-publish","4":"has-post-thumbnail","6":"product_cat-mobiliario-urbano","7":"desktop-align-left","8":"tablet-align-left","9":"mobile-align-left","11":"first","12":"instock","13":"taxable","14":"shipping-taxable","15":"purchasable","16":"product-type-simple"},"yoast_head":"<!-- This site is optimized with the Yoast SEO plugin v25.8 - https:\/\/yoast.com\/wordpress\/plugins\/seo\/ -->\n<title>Pilona Extra\u00edble DUMUPI-01EX de Acero Galvanizado con Base de Cierre \u2013 Modelo Barcelona - Parques Infantiles<\/title>\n<meta name=\"robots\" content=\"index, follow, max-snippet:-1, max-image-preview:large, max-video-preview:-1\" \/>\n<link rel=\"canonical\" href=\"https:\/\/parquesinfantiles.es\/tienda\/producto\/pilona-extraible-dumupi-01ex-de-acero-galvanizado-con-base-de-cierre-modelo-barcelona\/\" \/>\n<meta property=\"og:locale\" content=\"es_ES\" \/>\n<meta property=\"og:type\" content=\"article\" \/>\n<meta property=\"og:title\" content=\"Pilona Extra\u00edble DUMUPI-01EX de Acero Galvanizado con Base de Cierre \u2013 Modelo Barcelona - Parques Infantiles\" \/>\n<meta property=\"og:description\" content=\"La pilona extra\u00edble DUMUPI-01EX es una soluci\u00f3n de mobiliario urbano dise\u00f1ada para controlar el acceso de veh\u00edculos de forma temporal, [&hellip;]\" \/>\n<meta property=\"og:url\" content=\"https:\/\/parquesinfantiles.es\/tienda\/producto\/pilona-extraible-dumupi-01ex-de-acero-galvanizado-con-base-de-cierre-modelo-barcelona\/\" \/>\n<meta property=\"og:site_name\" content=\"Parques Infantiles\" \/>\n<meta property=\"og:image\" content=\"https:\/\/parquesinfantiles.es\/tienda\/wp-content\/uploads\/2026\/04\/Pilona-Extraible-DUMUPI-01EX-modelo-Barcelona.jpg\" \/>\n\t<meta property=\"og:image:width\" content=\"1000\" \/>\n\t<meta property=\"og:image:height\" content=\"700\" \/>\n\t<meta property=\"og:image:type\" content=\"image\/jpeg\" \/>\n<meta name=\"twitter:card\" content=\"summary_large_image\" \/>\n<meta name=\"twitter:label1\" content=\"Tiempo de lectura\" \/>\n\t<meta name=\"twitter:data1\" content=\"1 minuto\" \/>\n<script type=\"application\/ld+json\" class=\"yoast-schema-graph\">{\"@context\":\"https:\/\/schema.org\",\"@graph\":[{\"@type\":\"WebPage\",\"@id\":\"https:\/\/parquesinfantiles.es\/tienda\/producto\/pilona-extraible-dumupi-01ex-de-acero-galvanizado-con-base-de-cierre-modelo-barcelona\/\",\"url\":\"https:\/\/parquesinfantiles.es\/tienda\/producto\/pilona-extraible-dumupi-01ex-de-acero-galvanizado-con-base-de-cierre-modelo-barcelona\/\",\"name\":\"Pilona Extra\u00edble DUMUPI-01EX de Acero Galvanizado con Base de Cierre \u2013 Modelo Barcelona - Parques Infantiles\",\"isPartOf\":{\"@id\":\"https:\/\/parquesinfantiles.es\/tienda\/#website\"},\"primaryImageOfPage\":{\"@id\":\"https:\/\/parquesinfantiles.es\/tienda\/producto\/pilona-extraible-dumupi-01ex-de-acero-galvanizado-con-base-de-cierre-modelo-barcelona\/#primaryimage\"},\"image\":{\"@id\":\"https:\/\/parquesinfantiles.es\/tienda\/producto\/pilona-extraible-dumupi-01ex-de-acero-galvanizado-con-base-de-cierre-modelo-barcelona\/#primaryimage\"},\"thumbnailUrl\":\"https:\/\/parquesinfantiles.es\/tienda\/wp-content\/uploads\/2026\/04\/Pilona-Extraible-DUMUPI-01EX-modelo-Barcelona.jpg\",\"datePublished\":\"2026-04-20T12:53:45+00:00\",\"breadcrumb\":{\"@id\":\"https:\/\/parquesinfantiles.es\/tienda\/producto\/pilona-extraible-dumupi-01ex-de-acero-galvanizado-con-base-de-cierre-modelo-barcelona\/#breadcrumb\"},\"inLanguage\":\"es\",\"potentialAction\":[{\"@type\":\"ReadAction\",\"target\":[\"https:\/\/parquesinfantiles.es\/tienda\/producto\/pilona-extraible-dumupi-01ex-de-acero-galvanizado-con-base-de-cierre-modelo-barcelona\/\"]}]},{\"@type\":\"ImageObject\",\"inLanguage\":\"es\",\"@id\":\"https:\/\/parquesinfantiles.es\/tienda\/producto\/pilona-extraible-dumupi-01ex-de-acero-galvanizado-con-base-de-cierre-modelo-barcelona\/#primaryimage\",\"url\":\"https:\/\/parquesinfantiles.es\/tienda\/wp-content\/uploads\/2026\/04\/Pilona-Extraible-DUMUPI-01EX-modelo-Barcelona.jpg\",\"contentUrl\":\"https:\/\/parquesinfantiles.es\/tienda\/wp-content\/uploads\/2026\/04\/Pilona-Extraible-DUMUPI-01EX-modelo-Barcelona.jpg\",\"width\":1000,\"height\":700},{\"@type\":\"BreadcrumbList\",\"@id\":\"https:\/\/parquesinfantiles.es\/tienda\/producto\/pilona-extraible-dumupi-01ex-de-acero-galvanizado-con-base-de-cierre-modelo-barcelona\/#breadcrumb\",\"itemListElement\":[{\"@type\":\"ListItem\",\"position\":1,\"name\":\"Portada\",\"item\":\"https:\/\/parquesinfantiles.es\/tienda\/\"},{\"@type\":\"ListItem\",\"position\":2,\"name\":\"Tienda\",\"item\":\"https:\/\/parquesinfantiles.es\/tienda\/\"},{\"@type\":\"ListItem\",\"position\":3,\"name\":\"Pilona Extra\u00edble DUMUPI-01EX de Acero Galvanizado con Base de Cierre \u2013 Modelo Barcelona\"}]},{\"@type\":\"WebSite\",\"@id\":\"https:\/\/parquesinfantiles.es\/tienda\/#website\",\"url\":\"https:\/\/parquesinfantiles.es\/tienda\/\",\"name\":\"Parques Infantiles\",\"description\":\"\",\"publisher\":{\"@id\":\"https:\/\/parquesinfantiles.es\/tienda\/#organization\"},\"potentialAction\":[{\"@type\":\"SearchAction\",\"target\":{\"@type\":\"EntryPoint\",\"urlTemplate\":\"https:\/\/parquesinfantiles.es\/tienda\/?s={search_term_string}\"},\"query-input\":{\"@type\":\"PropertyValueSpecification\",\"valueRequired\":true,\"valueName\":\"search_term_string\"}}],\"inLanguage\":\"es\"},{\"@type\":\"Organization\",\"@id\":\"https:\/\/parquesinfantiles.es\/tienda\/#organization\",\"name\":\"Parques Infantiles\",\"url\":\"https:\/\/parquesinfantiles.es\/tienda\/\",\"logo\":{\"@type\":\"ImageObject\",\"inLanguage\":\"es\",\"@id\":\"https:\/\/parquesinfantiles.es\/tienda\/#\/schema\/logo\/image\/\",\"url\":\"https:\/\/parquesinfantiles.es\/tienda\/wp-content\/uploads\/2025\/07\/logo-aunor.png\",\"contentUrl\":\"https:\/\/parquesinfantiles.es\/tienda\/wp-content\/uploads\/2025\/07\/logo-aunor.png\",\"width\":120,\"height\":136,\"caption\":\"Parques Infantiles\"},\"image\":{\"@id\":\"https:\/\/parquesinfantiles.es\/tienda\/#\/schema\/logo\/image\/\"}}]}<\/script>\n<!-- \/ Yoast SEO plugin. -->","yoast_head_json":{"title":"Pilona Extra\u00edble DUMUPI-01EX de Acero Galvanizado con Base de Cierre \u2013 Modelo Barcelona - Parques Infantiles","robots":{"index":"index","follow":"follow","max-snippet":"max-snippet:-1","max-image-preview":"max-image-preview:large","max-video-preview":"max-video-preview:-1"},"canonical":"https:\/\/parquesinfantiles.es\/tienda\/producto\/pilona-extraible-dumupi-01ex-de-acero-galvanizado-con-base-de-cierre-modelo-barcelona\/","og_locale":"es_ES","og_type":"article","og_title":"Pilona Extra\u00edble DUMUPI-01EX de Acero Galvanizado con Base de Cierre \u2013 Modelo Barcelona - Parques Infantiles","og_description":"La pilona extra\u00edble DUMUPI-01EX es una soluci\u00f3n de mobiliario urbano dise\u00f1ada para controlar el acceso de veh\u00edculos de forma temporal, [&hellip;]","og_url":"https:\/\/parquesinfantiles.es\/tienda\/producto\/pilona-extraible-dumupi-01ex-de-acero-galvanizado-con-base-de-cierre-modelo-barcelona\/","og_site_name":"Parques Infantiles","og_image":[{"width":1000,"height":700,"url":"https:\/\/parquesinfantiles.es\/tienda\/wp-content\/uploads\/2026\/04\/Pilona-Extraible-DUMUPI-01EX-modelo-Barcelona.jpg","type":"image\/jpeg"}],"twitter_card":"summary_large_image","twitter_misc":{"Tiempo de lectura":"1 minuto"},"schema":{"@context":"https:\/\/schema.org","@graph":[{"@type":"WebPage","@id":"https:\/\/parquesinfantiles.es\/tienda\/producto\/pilona-extraible-dumupi-01ex-de-acero-galvanizado-con-base-de-cierre-modelo-barcelona\/","url":"https:\/\/parquesinfantiles.es\/tienda\/producto\/pilona-extraible-dumupi-01ex-de-acero-galvanizado-con-base-de-cierre-modelo-barcelona\/","name":"Pilona Extra\u00edble DUMUPI-01EX de Acero Galvanizado con Base de Cierre \u2013 Modelo Barcelona - Parques Infantiles","isPartOf":{"@id":"https:\/\/parquesinfantiles.es\/tienda\/#website"},"primaryImageOfPage":{"@id":"https:\/\/parquesinfantiles.es\/tienda\/producto\/pilona-extraible-dumupi-01ex-de-acero-galvanizado-con-base-de-cierre-modelo-barcelona\/#primaryimage"},"image":{"@id":"https:\/\/parquesinfantiles.es\/tienda\/producto\/pilona-extraible-dumupi-01ex-de-acero-galvanizado-con-base-de-cierre-modelo-barcelona\/#primaryimage"},"thumbnailUrl":"https:\/\/parquesinfantiles.es\/tienda\/wp-content\/uploads\/2026\/04\/Pilona-Extraible-DUMUPI-01EX-modelo-Barcelona.jpg","datePublished":"2026-04-20T12:53:45+00:00","breadcrumb":{"@id":"https:\/\/parquesinfantiles.es\/tienda\/producto\/pilona-extraible-dumupi-01ex-de-acero-galvanizado-con-base-de-cierre-modelo-barcelona\/#breadcrumb"},"inLanguage":"es","potentialAction":[{"@type":"ReadAction","target":["https:\/\/parquesinfantiles.es\/tienda\/producto\/pilona-extraible-dumupi-01ex-de-acero-galvanizado-con-base-de-cierre-modelo-barcelona\/"]}]},{"@type":"ImageObject","inLanguage":"es","@id":"https:\/\/parquesinfantiles.es\/tienda\/producto\/pilona-extraible-dumupi-01ex-de-acero-galvanizado-con-base-de-cierre-modelo-barcelona\/#primaryimage","url":"https:\/\/parquesinfantiles.es\/tienda\/wp-content\/uploads\/2026\/04\/Pilona-Extraible-DUMUPI-01EX-modelo-Barcelona.jpg","contentUrl":"https:\/\/parquesinfantiles.es\/tienda\/wp-content\/uploads\/2026\/04\/Pilona-Extraible-DUMUPI-01EX-modelo-Barcelona.jpg","width":1000,"height":700},{"@type":"BreadcrumbList","@id":"https:\/\/parquesinfantiles.es\/tienda\/producto\/pilona-extraible-dumupi-01ex-de-acero-galvanizado-con-base-de-cierre-modelo-barcelona\/#breadcrumb","itemListElement":[{"@type":"ListItem","position":1,"name":"Portada","item":"https:\/\/parquesinfantiles.es\/tienda\/"},{"@type":"ListItem","position":2,"name":"Tienda","item":"https:\/\/parquesinfantiles.es\/tienda\/"},{"@type":"ListItem","position":3,"name":"Pilona Extra\u00edble DUMUPI-01EX de Acero Galvanizado con Base de Cierre \u2013 Modelo Barcelona"}]},{"@type":"WebSite","@id":"https:\/\/parquesinfantiles.es\/tienda\/#website","url":"https:\/\/parquesinfantiles.es\/tienda\/","name":"Parques Infantiles","description":"","publisher":{"@id":"https:\/\/parquesinfantiles.es\/tienda\/#organization"},"potentialAction":[{"@type":"SearchAction","target":{"@type":"EntryPoint","urlTemplate":"https:\/\/parquesinfantiles.es\/tienda\/?s={search_term_string}"},"query-input":{"@type":"PropertyValueSpecification","valueRequired":true,"valueName":"search_term_string"}}],"inLanguage":"es"},{"@type":"Organization","@id":"https:\/\/parquesinfantiles.es\/tienda\/#organization","name":"Parques Infantiles","url":"https:\/\/parquesinfantiles.es\/tienda\/","logo":{"@type":"ImageObject","inLanguage":"es","@id":"https:\/\/parquesinfantiles.es\/tienda\/#\/schema\/logo\/image\/","url":"https:\/\/parquesinfantiles.es\/tienda\/wp-content\/uploads\/2025\/07\/logo-aunor.png","contentUrl":"https:\/\/parquesinfantiles.es\/tienda\/wp-content\/uploads\/2025\/07\/logo-aunor.png","width":120,"height":136,"caption":"Parques Infantiles"},"image":{"@id":"https:\/\/parquesinfantiles.es\/tienda\/#\/schema\/logo\/image\/"}}]}},"_links":{"self":[{"href":"https:\/\/parquesinfantiles.es\/tienda\/wp-json\/wp\/v2\/product\/202","targetHints":{"allow":["GET"]}}],"collection":[{"href":"https:\/\/parquesinfantiles.es\/tienda\/wp-json\/wp\/v2\/product"}],"about":[{"href":"https:\/\/parquesinfantiles.es\/tienda\/wp-json\/wp\/v2\/types\/product"}],"wp:featuredmedia":[{"embeddable":true,"href":"https:\/\/parquesinfantiles.es\/tienda\/wp-json\/wp\/v2\/media\/212"}],"wp:attachment":[{"href":"https:\/\/parquesinfantiles.es\/tienda\/wp-json\/wp\/v2\/media?parent=202"}],"wp:term":[{"taxonomy":"product_brand","embeddable":true,"href":"https:\/\/parquesinfantiles.es\/tienda\/wp-json\/wp\/v2\/product_brand?post=202"},{"taxonomy":"product_cat","embeddable":true,"href":"https:\/\/parquesinfantiles.es\/tienda\/wp-json\/wp\/v2\/product_cat?post=202"},{"taxonomy":"product_tag","embeddable":true,"href":"https:\/\/parquesinfantiles.es\/tienda\/wp-json\/wp\/v2\/product_tag?post=202"}],"curies":[{"name":"wp","href":"https:\/\/api.w.org\/{rel}","templated":true}]}}