{"id":119,"date":"2025-07-09T14:47:58","date_gmt":"2025-07-09T12:47:58","guid":{"rendered":"https:\/\/parquesinfantiles.es\/tienda\/?post_type=product&#038;p=119"},"modified":"2025-09-02T13:56:33","modified_gmt":"2025-09-02T11:56:33","slug":"mesa-ping-pong-exterior-mp002-modelo-economic-plus","status":"publish","type":"product","link":"https:\/\/parquesinfantiles.es\/tienda\/producto\/mesa-ping-pong-exterior-mp002-modelo-economic-plus\/","title":{"rendered":"Mesa Ping Pong exterior MP002 (modelo Economic Plus)"},"content":{"rendered":"<p><strong>DIMENSIONES Y PESO:<\/strong><\/p>\n<ul>\n<li>Medidas reglamentarias: 2.740 x 1.525 mm.<\/li>\n<li>Grueso del tablero: 50 mm.<\/li>\n<li>Altura (del suelo hasta la parte superior del tablero): 760 mm.<\/li>\n<li>Altura de la red: 152,5 mm.<\/li>\n<li>Peso total: 140 kg.<\/li>\n<\/ul>\n<p><strong>OTROS DATOS:<\/strong><\/p>\n<ul>\n<li>Edad recomendada para el juego: j\u00f3venes y adultos (menores de 12 a\u00f1os bajo supervisi\u00f3n).<\/li>\n<li>Numero de usuarios: de 2 a 4 jugadores.<\/li>\n<li>Distancia de seguridad: 2 m.<\/li>\n<li>Peso m\u00e1ximo que soporta el equipo: 120 kg.<\/li>\n<\/ul>\n<p><strong>INSTALACI\u00d3N:<\/strong><\/p>\n<p>Las mesas se instalar\u00e1n sobre una base de hormig\u00f3n creada a tal efecto si el terreno donde se van a instalar es de tierra blanda o bien dura, pero de poca profundidad. Si la solera es dura se proceder\u00e1 al anclaje con cuatro pernos de expansi\u00f3n, incluidos en el equipo.<\/p>\n<ul>\n<li><a href=\"https:\/\/deportesurbanos.com\/wp-content\/uploads\/2020\/11\/MP002-PING-PONG-ECONOMIC-PLUS.pdf?_gl=1*1h165rq*_up*MQ..&amp;gclid=Cj0KCQjwy46_BhDOARIsAIvmcwNJf1Qr8kX3zrF5ol5HNO61y4xfrRdKd4nz2xRjhgbeohD1kNf3_YQaAst8EALw_wcB\">Ficha t\u00e9cnica<\/a><\/li>\n<\/ul>\n","protected":false},"excerpt":{"rendered":"<p>DIMENSIONES Y PESO: Medidas reglamentarias: 2.740 x 1.525 mm. Grueso del tablero: 50 mm. Altura (del suelo hasta la parte [&hellip;]<\/p>\n","protected":false},"featured_media":134,"template":"","meta":{"site-sidebar-layout":"default","site-content-layout":"","ast-site-content-layout":"default","site-content-style":"default","site-sidebar-style":"default","ast-global-header-display":"","ast-banner-title-visibility":"","ast-main-header-display":"","ast-hfb-above-header-display":"","ast-hfb-below-header-display":"","ast-hfb-mobile-header-display":"","site-post-title":"","ast-breadcrumbs-content":"","ast-featured-img":"","footer-sml-layout":"","theme-transparent-header-meta":"default","adv-header-id-meta":"","stick-header-meta":"","header-above-stick-meta":"","header-main-stick-meta":"","header-below-stick-meta":"","astra-migrate-meta-layouts":"set","ast-page-background-enabled":"default","ast-page-background-meta":{"desktop":{"background-color":"var(--ast-global-color-5)","background-image":"","background-repeat":"repeat","background-position":"center center","background-size":"auto","background-attachment":"scroll","background-type":"","background-media":"","overlay-type":"","overlay-color":"","overlay-opacity":"","overlay-gradient":""},"tablet":{"background-color":"","background-image":"","background-repeat":"repeat","background-position":"center center","background-size":"auto","background-attachment":"scroll","background-type":"","background-media":"","overlay-type":"","overlay-color":"","overlay-opacity":"","overlay-gradient":""},"mobile":{"background-color":"","background-image":"","background-repeat":"repeat","background-position":"center center","background-size":"auto","background-attachment":"scroll","background-type":"","background-media":"","overlay-type":"","overlay-color":"","overlay-opacity":"","overlay-gradient":""}},"ast-content-background-meta":{"desktop":{"background-color":"var(--ast-global-color-4)","background-image":"","background-repeat":"repeat","background-position":"center center","background-size":"auto","background-attachment":"scroll","background-type":"","background-media":"","overlay-type":"","overlay-color":"","overlay-opacity":"","overlay-gradient":""},"tablet":{"background-color":"var(--ast-global-color-4)","background-image":"","background-repeat":"repeat","background-position":"center center","background-size":"auto","background-attachment":"scroll","background-type":"","background-media":"","overlay-type":"","overlay-color":"","overlay-opacity":"","overlay-gradient":""},"mobile":{"background-color":"var(--ast-global-color-4)","background-image":"","background-repeat":"repeat","background-position":"center center","background-size":"auto","background-attachment":"scroll","background-type":"","background-media":"","overlay-type":"","overlay-color":"","overlay-opacity":"","overlay-gradient":""}}},"product_brand":[],"product_cat":[27],"product_tag":[],"class_list":{"0":"post-119","1":"product","2":"type-product","3":"status-publish","4":"has-post-thumbnail","6":"product_cat-mesas-de-ping-pong-exterior","7":"desktop-align-left","8":"tablet-align-left","9":"mobile-align-left","11":"first","12":"instock","13":"taxable","14":"shipping-taxable","15":"purchasable","16":"product-type-simple"},"yoast_head":"<!-- This site is optimized with the Yoast SEO plugin v25.8 - https:\/\/yoast.com\/wordpress\/plugins\/seo\/ -->\n<title>Mesa Ping Pong exterior MP002 (modelo Economic Plus) - Parques Infantiles<\/title>\n<meta name=\"robots\" content=\"index, follow, max-snippet:-1, max-image-preview:large, max-video-preview:-1\" \/>\n<link rel=\"canonical\" href=\"https:\/\/parquesinfantiles.es\/tienda\/producto\/mesa-ping-pong-exterior-mp002-modelo-economic-plus\/\" \/>\n<meta property=\"og:locale\" content=\"es_ES\" \/>\n<meta property=\"og:type\" content=\"article\" \/>\n<meta property=\"og:title\" content=\"Mesa Ping Pong exterior MP002 (modelo Economic Plus) - Parques Infantiles\" \/>\n<meta property=\"og:description\" content=\"DIMENSIONES Y PESO: Medidas reglamentarias: 2.740 x 1.525 mm. Grueso del tablero: 50 mm. Altura (del suelo hasta la parte [&hellip;]\" \/>\n<meta property=\"og:url\" content=\"https:\/\/parquesinfantiles.es\/tienda\/producto\/mesa-ping-pong-exterior-mp002-modelo-economic-plus\/\" \/>\n<meta property=\"og:site_name\" content=\"Parques Infantiles\" \/>\n<meta property=\"article:modified_time\" content=\"2025-09-02T11:56:33+00:00\" \/>\n<meta property=\"og:image\" content=\"https:\/\/parquesinfantiles.es\/tienda\/wp-content\/uploads\/2025\/07\/pingpong.jpg\" \/>\n\t<meta property=\"og:image:width\" content=\"1200\" \/>\n\t<meta property=\"og:image:height\" content=\"1260\" \/>\n\t<meta property=\"og:image:type\" content=\"image\/jpeg\" \/>\n<meta name=\"twitter:card\" content=\"summary_large_image\" \/>\n<meta name=\"twitter:label1\" content=\"Tiempo de lectura\" \/>\n\t<meta name=\"twitter:data1\" content=\"1 minuto\" \/>\n<script type=\"application\/ld+json\" class=\"yoast-schema-graph\">{\"@context\":\"https:\/\/schema.org\",\"@graph\":[{\"@type\":\"WebPage\",\"@id\":\"https:\/\/parquesinfantiles.es\/tienda\/producto\/mesa-ping-pong-exterior-mp002-modelo-economic-plus\/\",\"url\":\"https:\/\/parquesinfantiles.es\/tienda\/producto\/mesa-ping-pong-exterior-mp002-modelo-economic-plus\/\",\"name\":\"Mesa Ping Pong exterior MP002 (modelo Economic Plus) - Parques Infantiles\",\"isPartOf\":{\"@id\":\"https:\/\/parquesinfantiles.es\/tienda\/#website\"},\"primaryImageOfPage\":{\"@id\":\"https:\/\/parquesinfantiles.es\/tienda\/producto\/mesa-ping-pong-exterior-mp002-modelo-economic-plus\/#primaryimage\"},\"image\":{\"@id\":\"https:\/\/parquesinfantiles.es\/tienda\/producto\/mesa-ping-pong-exterior-mp002-modelo-economic-plus\/#primaryimage\"},\"thumbnailUrl\":\"https:\/\/parquesinfantiles.es\/tienda\/wp-content\/uploads\/2025\/07\/pingpong.jpg\",\"datePublished\":\"2025-07-09T12:47:58+00:00\",\"dateModified\":\"2025-09-02T11:56:33+00:00\",\"breadcrumb\":{\"@id\":\"https:\/\/parquesinfantiles.es\/tienda\/producto\/mesa-ping-pong-exterior-mp002-modelo-economic-plus\/#breadcrumb\"},\"inLanguage\":\"es\",\"potentialAction\":[{\"@type\":\"ReadAction\",\"target\":[\"https:\/\/parquesinfantiles.es\/tienda\/producto\/mesa-ping-pong-exterior-mp002-modelo-economic-plus\/\"]}]},{\"@type\":\"ImageObject\",\"inLanguage\":\"es\",\"@id\":\"https:\/\/parquesinfantiles.es\/tienda\/producto\/mesa-ping-pong-exterior-mp002-modelo-economic-plus\/#primaryimage\",\"url\":\"https:\/\/parquesinfantiles.es\/tienda\/wp-content\/uploads\/2025\/07\/pingpong.jpg\",\"contentUrl\":\"https:\/\/parquesinfantiles.es\/tienda\/wp-content\/uploads\/2025\/07\/pingpong.jpg\",\"width\":1200,\"height\":1260},{\"@type\":\"BreadcrumbList\",\"@id\":\"https:\/\/parquesinfantiles.es\/tienda\/producto\/mesa-ping-pong-exterior-mp002-modelo-economic-plus\/#breadcrumb\",\"itemListElement\":[{\"@type\":\"ListItem\",\"position\":1,\"name\":\"Portada\",\"item\":\"https:\/\/parquesinfantiles.es\/tienda\/\"},{\"@type\":\"ListItem\",\"position\":2,\"name\":\"Tienda\",\"item\":\"https:\/\/parquesinfantiles.es\/tienda\/\"},{\"@type\":\"ListItem\",\"position\":3,\"name\":\"Mesa Ping Pong exterior MP002 (modelo Economic Plus)\"}]},{\"@type\":\"WebSite\",\"@id\":\"https:\/\/parquesinfantiles.es\/tienda\/#website\",\"url\":\"https:\/\/parquesinfantiles.es\/tienda\/\",\"name\":\"Parques Infantiles\",\"description\":\"\",\"publisher\":{\"@id\":\"https:\/\/parquesinfantiles.es\/tienda\/#organization\"},\"potentialAction\":[{\"@type\":\"SearchAction\",\"target\":{\"@type\":\"EntryPoint\",\"urlTemplate\":\"https:\/\/parquesinfantiles.es\/tienda\/?s={search_term_string}\"},\"query-input\":{\"@type\":\"PropertyValueSpecification\",\"valueRequired\":true,\"valueName\":\"search_term_string\"}}],\"inLanguage\":\"es\"},{\"@type\":\"Organization\",\"@id\":\"https:\/\/parquesinfantiles.es\/tienda\/#organization\",\"name\":\"Parques Infantiles\",\"url\":\"https:\/\/parquesinfantiles.es\/tienda\/\",\"logo\":{\"@type\":\"ImageObject\",\"inLanguage\":\"es\",\"@id\":\"https:\/\/parquesinfantiles.es\/tienda\/#\/schema\/logo\/image\/\",\"url\":\"https:\/\/parquesinfantiles.es\/tienda\/wp-content\/uploads\/2025\/07\/logo-aunor.png\",\"contentUrl\":\"https:\/\/parquesinfantiles.es\/tienda\/wp-content\/uploads\/2025\/07\/logo-aunor.png\",\"width\":120,\"height\":136,\"caption\":\"Parques Infantiles\"},\"image\":{\"@id\":\"https:\/\/parquesinfantiles.es\/tienda\/#\/schema\/logo\/image\/\"}}]}<\/script>\n<!-- \/ Yoast SEO plugin. -->","yoast_head_json":{"title":"Mesa Ping Pong exterior MP002 (modelo Economic Plus) - Parques Infantiles","robots":{"index":"index","follow":"follow","max-snippet":"max-snippet:-1","max-image-preview":"max-image-preview:large","max-video-preview":"max-video-preview:-1"},"canonical":"https:\/\/parquesinfantiles.es\/tienda\/producto\/mesa-ping-pong-exterior-mp002-modelo-economic-plus\/","og_locale":"es_ES","og_type":"article","og_title":"Mesa Ping Pong exterior MP002 (modelo Economic Plus) - Parques Infantiles","og_description":"DIMENSIONES Y PESO: Medidas reglamentarias: 2.740 x 1.525 mm. Grueso del tablero: 50 mm. Altura (del suelo hasta la parte [&hellip;]","og_url":"https:\/\/parquesinfantiles.es\/tienda\/producto\/mesa-ping-pong-exterior-mp002-modelo-economic-plus\/","og_site_name":"Parques Infantiles","article_modified_time":"2025-09-02T11:56:33+00:00","og_image":[{"width":1200,"height":1260,"url":"https:\/\/parquesinfantiles.es\/tienda\/wp-content\/uploads\/2025\/07\/pingpong.jpg","type":"image\/jpeg"}],"twitter_card":"summary_large_image","twitter_misc":{"Tiempo de lectura":"1 minuto"},"schema":{"@context":"https:\/\/schema.org","@graph":[{"@type":"WebPage","@id":"https:\/\/parquesinfantiles.es\/tienda\/producto\/mesa-ping-pong-exterior-mp002-modelo-economic-plus\/","url":"https:\/\/parquesinfantiles.es\/tienda\/producto\/mesa-ping-pong-exterior-mp002-modelo-economic-plus\/","name":"Mesa Ping Pong exterior MP002 (modelo Economic Plus) - Parques Infantiles","isPartOf":{"@id":"https:\/\/parquesinfantiles.es\/tienda\/#website"},"primaryImageOfPage":{"@id":"https:\/\/parquesinfantiles.es\/tienda\/producto\/mesa-ping-pong-exterior-mp002-modelo-economic-plus\/#primaryimage"},"image":{"@id":"https:\/\/parquesinfantiles.es\/tienda\/producto\/mesa-ping-pong-exterior-mp002-modelo-economic-plus\/#primaryimage"},"thumbnailUrl":"https:\/\/parquesinfantiles.es\/tienda\/wp-content\/uploads\/2025\/07\/pingpong.jpg","datePublished":"2025-07-09T12:47:58+00:00","dateModified":"2025-09-02T11:56:33+00:00","breadcrumb":{"@id":"https:\/\/parquesinfantiles.es\/tienda\/producto\/mesa-ping-pong-exterior-mp002-modelo-economic-plus\/#breadcrumb"},"inLanguage":"es","potentialAction":[{"@type":"ReadAction","target":["https:\/\/parquesinfantiles.es\/tienda\/producto\/mesa-ping-pong-exterior-mp002-modelo-economic-plus\/"]}]},{"@type":"ImageObject","inLanguage":"es","@id":"https:\/\/parquesinfantiles.es\/tienda\/producto\/mesa-ping-pong-exterior-mp002-modelo-economic-plus\/#primaryimage","url":"https:\/\/parquesinfantiles.es\/tienda\/wp-content\/uploads\/2025\/07\/pingpong.jpg","contentUrl":"https:\/\/parquesinfantiles.es\/tienda\/wp-content\/uploads\/2025\/07\/pingpong.jpg","width":1200,"height":1260},{"@type":"BreadcrumbList","@id":"https:\/\/parquesinfantiles.es\/tienda\/producto\/mesa-ping-pong-exterior-mp002-modelo-economic-plus\/#breadcrumb","itemListElement":[{"@type":"ListItem","position":1,"name":"Portada","item":"https:\/\/parquesinfantiles.es\/tienda\/"},{"@type":"ListItem","position":2,"name":"Tienda","item":"https:\/\/parquesinfantiles.es\/tienda\/"},{"@type":"ListItem","position":3,"name":"Mesa Ping Pong exterior MP002 (modelo Economic Plus)"}]},{"@type":"WebSite","@id":"https:\/\/parquesinfantiles.es\/tienda\/#website","url":"https:\/\/parquesinfantiles.es\/tienda\/","name":"Parques Infantiles","description":"","publisher":{"@id":"https:\/\/parquesinfantiles.es\/tienda\/#organization"},"potentialAction":[{"@type":"SearchAction","target":{"@type":"EntryPoint","urlTemplate":"https:\/\/parquesinfantiles.es\/tienda\/?s={search_term_string}"},"query-input":{"@type":"PropertyValueSpecification","valueRequired":true,"valueName":"search_term_string"}}],"inLanguage":"es"},{"@type":"Organization","@id":"https:\/\/parquesinfantiles.es\/tienda\/#organization","name":"Parques Infantiles","url":"https:\/\/parquesinfantiles.es\/tienda\/","logo":{"@type":"ImageObject","inLanguage":"es","@id":"https:\/\/parquesinfantiles.es\/tienda\/#\/schema\/logo\/image\/","url":"https:\/\/parquesinfantiles.es\/tienda\/wp-content\/uploads\/2025\/07\/logo-aunor.png","contentUrl":"https:\/\/parquesinfantiles.es\/tienda\/wp-content\/uploads\/2025\/07\/logo-aunor.png","width":120,"height":136,"caption":"Parques Infantiles"},"image":{"@id":"https:\/\/parquesinfantiles.es\/tienda\/#\/schema\/logo\/image\/"}}]}},"_links":{"self":[{"href":"https:\/\/parquesinfantiles.es\/tienda\/wp-json\/wp\/v2\/product\/119","targetHints":{"allow":["GET"]}}],"collection":[{"href":"https:\/\/parquesinfantiles.es\/tienda\/wp-json\/wp\/v2\/product"}],"about":[{"href":"https:\/\/parquesinfantiles.es\/tienda\/wp-json\/wp\/v2\/types\/product"}],"wp:featuredmedia":[{"embeddable":true,"href":"https:\/\/parquesinfantiles.es\/tienda\/wp-json\/wp\/v2\/media\/134"}],"wp:attachment":[{"href":"https:\/\/parquesinfantiles.es\/tienda\/wp-json\/wp\/v2\/media?parent=119"}],"wp:term":[{"taxonomy":"product_brand","embeddable":true,"href":"https:\/\/parquesinfantiles.es\/tienda\/wp-json\/wp\/v2\/product_brand?post=119"},{"taxonomy":"product_cat","embeddable":true,"href":"https:\/\/parquesinfantiles.es\/tienda\/wp-json\/wp\/v2\/product_cat?post=119"},{"taxonomy":"product_tag","embeddable":true,"href":"https:\/\/parquesinfantiles.es\/tienda\/wp-json\/wp\/v2\/product_tag?post=119"}],"curies":[{"name":"wp","href":"https:\/\/api.w.org\/{rel}","templated":true}]}}